{"id":8811,"date":"2022-09-19T23:00:48","date_gmt":"2022-09-19T23:00:48","guid":{"rendered":"https:\/\/yogatlalpansur.com\/?page_id=8811"},"modified":"2022-09-27T00:42:08","modified_gmt":"2022-09-27T00:42:08","slug":"zyto-balance","status":"publish","type":"page","link":"https:\/\/yogatlalpansur.com\/2017\/zyto-balance\/","title":{"rendered":"ZYTO BALANCE"},"content":{"rendered":"<p>[vc_row][vc_column]<div class=\"slz-shortcode sc_main_title main-title-92778699469e498e59fe19  la-italy text-c \">\r\n\t<div class=\"st-milan\">\r\n\t\t<div class=\"icon-wrapper\"><i class=\"slz-icon jogy-icon-title-04\"><\/i><\/div>\t\t<div class=\"title-wrapper\">\r\n\r\n\t\t\t<span class=\"title\">ZYTO BALANCE<\/span>\r\n\t\t\t\r\n\t\t\t\r\n\t\t<\/div>\r\n\t<div class=\"icon-wrapper\"><i class=\"slz-icon jogy-icon-title-04\"><\/i><\/div>\t<\/div>\r\n<\/div>\r\n\r\n[vc_column_text]<\/p>\n\n\n\n<figure class=\"wp-block-image size-large\"><img decoding=\"async\" loading=\"lazy\" width=\"1024\" height=\"576\" src=\"https:\/\/yogatlalpansur.com\/2017\/wp-content\/uploads\/2022\/09\/Metodo-Zyto-Balance-Yoga-Tlalpan-Sur-2-1024x576.jpg\" alt=\"\" class=\"wp-image-8839\" srcset=\"https:\/\/yogatlalpansur.com\/2017\/wp-content\/uploads\/2022\/09\/Metodo-Zyto-Balance-Yoga-Tlalpan-Sur-2-1024x576.jpg 1024w, https:\/\/yogatlalpansur.com\/2017\/wp-content\/uploads\/2022\/09\/Metodo-Zyto-Balance-Yoga-Tlalpan-Sur-2-600x337.jpg 600w, https:\/\/yogatlalpansur.com\/2017\/wp-content\/uploads\/2022\/09\/Metodo-Zyto-Balance-Yoga-Tlalpan-Sur-2-300x169.jpg 300w, https:\/\/yogatlalpansur.com\/2017\/wp-content\/uploads\/2022\/09\/Metodo-Zyto-Balance-Yoga-Tlalpan-Sur-2-768x432.jpg 768w, https:\/\/yogatlalpansur.com\/2017\/wp-content\/uploads\/2022\/09\/Metodo-Zyto-Balance-Yoga-Tlalpan-Sur-2.jpg 1366w\" sizes=\"(max-width: 1024px) 100vw, 1024px\" \/><\/figure>\n\n\n\n<div style=\"height:30px\" aria-hidden=\"true\" class=\"wp-block-spacer\"><\/div>\n\n\n<h4 style=\"text-align: center;\">El m\u00e9todo ZYTO Balance proporciona datos clave sobre el cuerpo y el estilo de vida de m\u00e1s de 190 biomarcadores para ayudarte a tomar mejores decisiones hol\u00edsticas de bienestar.<\/h4>\n<p><\/br><\/p>\n\n\n<h5 style=\"text-align: left;\">El n\u00facleo del m\u00e9todo ZYTO explora la biocomunicaci\u00f3n. Mediante la medici\u00f3n de la respuesta galv\u00e1nica de la piel, un esc\u00e1ner ZYTO puede determinar con qu\u00e9 suplementos nutricionales, alimentos, aceites o servicios, tu cuerpo es m\u00e1s coherente biol\u00f3gicamente.<\/p>\n\n\n\n<div style=\"height:20px\" aria-hidden=\"true\" class=\"wp-block-spacer\"><\/div>\n\n\n<div class=\"wp-block-image\">\n<figure class=\"aligncenter size-full\"><img decoding=\"async\" loading=\"lazy\" width=\"300\" height=\"87\" src=\"https:\/\/yogatlalpansur.com\/2017\/wp-content\/uploads\/2022\/09\/Logo-for-HeroMenu-01-e1634661714581.png\" alt=\"\" class=\"wp-image-8844\"\/><\/figure><\/div>\n\n\n<div style=\"height:30px\" aria-hidden=\"true\" class=\"wp-block-spacer\"><\/div>\n\n\n\n<h2 class=\"has-vivid-cyan-blue-color has-text-color wp-block-heading\"><strong>Con Zyto Balance podr\u00e1s conocer:<\/strong><\/h2>\n\n\n\n<div style=\"height:30px\" aria-hidden=\"true\" class=\"wp-block-spacer\"><\/div>\n\n\n\n<h4 class=\"has-vivid-cyan-blue-color has-text-color wp-block-heading\"><strong>Informes de bienestar<\/strong><\/h4>\n\n\n\n<div class=\"wp-block-group is-layout-flow\"><div class=\"wp-block-group__inner-container\">\n<div class=\"wp-block-columns is-layout-flex wp-container-2\">\n<div class=\"wp-block-column is-layout-flow\" style=\"flex-basis:100%\"><h5 style=\"text-align: left;\">\nProporciona datos f\u00e1ciles de entender sobre los sistemas corporales b\u00e1sicos y los biomarcadores relacionados con tu estilo de vida.<\/p>\n\n\n\n<div style=\"height:20px\" aria-hidden=\"true\" class=\"wp-block-spacer\"><\/div>\n\n\n\n<h4 class=\"has-vivid-cyan-blue-color has-text-color wp-block-heading\">Informe de alimentos esenciales<\/h4>\n\n\n<h5 style=\"text-align: left;\">Te proporcionaremos una lista de los alimentos m\u00e1s coherentes y menos coherentes para tu cuerpo. (Nota: Este no es un informe\/prueba de sensibilidad o alergia a los alimentos).<\/p>\n<\/div>\n<\/div>\n<\/div><\/div>\n\n\n\n<div style=\"height:20px\" aria-hidden=\"true\" class=\"wp-block-spacer\"><\/div>\n\n\n\n<h4 class=\"has-vivid-cyan-blue-color has-text-color wp-block-heading\"><strong>Informes de inmunidad<\/strong><\/h4>\n\n\n<h5 style=\"text-align: left;\">El Informe  b\u00e1sico de Inmunidad muestra las respuestas en 6 \u00e1reas fundamentales para ayudarte a abordar el bienestar de tu sistema inmunitario.<\/h5>\n\n\n\n<div style=\"height:20px\" aria-hidden=\"true\" class=\"wp-block-spacer\"><\/div>\n\n\n\n<figure class=\"wp-block-image size-large\"><img decoding=\"async\" loading=\"lazy\" width=\"1024\" height=\"576\" src=\"https:\/\/yogatlalpansur.com\/2017\/wp-content\/uploads\/2022\/09\/Metodo-Zyto-Balance-Yoga-Tlalpan-Sur-1-1024x576.jpg\" alt=\"\" class=\"wp-image-8837\" srcset=\"https:\/\/yogatlalpansur.com\/2017\/wp-content\/uploads\/2022\/09\/Metodo-Zyto-Balance-Yoga-Tlalpan-Sur-1-1024x576.jpg 1024w, https:\/\/yogatlalpansur.com\/2017\/wp-content\/uploads\/2022\/09\/Metodo-Zyto-Balance-Yoga-Tlalpan-Sur-1-600x337.jpg 600w, https:\/\/yogatlalpansur.com\/2017\/wp-content\/uploads\/2022\/09\/Metodo-Zyto-Balance-Yoga-Tlalpan-Sur-1-300x169.jpg 300w, https:\/\/yogatlalpansur.com\/2017\/wp-content\/uploads\/2022\/09\/Metodo-Zyto-Balance-Yoga-Tlalpan-Sur-1-768x432.jpg 768w, https:\/\/yogatlalpansur.com\/2017\/wp-content\/uploads\/2022\/09\/Metodo-Zyto-Balance-Yoga-Tlalpan-Sur-1.jpg 1366w\" sizes=\"(max-width: 1024px) 100vw, 1024px\" \/><\/figure>\n\n\n\n<p>[vc_column]<div class=\"slz-shortcode sc_main_title main-title-188511708669e498e5a01d5  la-united-states text-c \">\r\n\t<div class=\"st-florida\">\r\n\t\t\t\t\t<div class=\"subtitle-wrapper\">\r\n\t\t\t\t<span class=\"subtitle\">Te esperamos en el estudio de Yoga Tlalpan Sur<\/span>\r\n\t\t\t<\/div>\r\n\t\t\t\t<div class=\"title-wrapper\">\r\n\r\n\t\t\t<span class=\"title\">\u00a1AGENDA TU CITA!<\/span>\r\n\t\t\t\r\n\t\t\t\r\n\t\t<\/div>\r\n\t<div class=\"icon-wrapper\"><i class=\"slz-icon jogy-icon-title-02\"><\/i><\/div>\t<\/div>\r\n<\/div>\r\n\r\n\r\n    <div class=\"slz-shortcode sc-contact-form sc-contact-form-64725904069e498e5a0596  ctf-box-shadow \">\r\n        <div role=\"form\" class=\"wpcf7\" id=\"wpcf7-f7045-o1\" lang=\"en-US\" dir=\"ltr\">\n<div class=\"screen-reader-response\"><\/div>\n<form action=\"\/2017\/wp-json\/wp\/v2\/pages\/8811#wpcf7-f7045-o1\" method=\"post\" class=\"wpcf7-form\" novalidate=\"novalidate\">\n<div style=\"display: none;\">\n<input type=\"hidden\" name=\"_wpcf7\" value=\"7045\" \/>\n<input type=\"hidden\" name=\"_wpcf7_version\" value=\"5.0.2\" \/>\n<input type=\"hidden\" name=\"_wpcf7_locale\" value=\"en_US\" \/>\n<input type=\"hidden\" name=\"_wpcf7_unit_tag\" value=\"wpcf7-f7045-o1\" \/>\n<input type=\"hidden\" name=\"_wpcf7_container_post\" value=\"0\" \/>\n<\/div>\n<div class=\"cf7 cf7-blue form-get-an-appointment\">\n<div class=\"cf7-form-control cf7-input-50\"><span class=\"wpcf7-form-control-wrap your-name\"><input type=\"text\" name=\"your-name\" value=\"\" size=\"40\" class=\"wpcf7-form-control wpcf7-text wpcf7-validates-as-required\" aria-required=\"true\" aria-invalid=\"false\" placeholder=\"Nombre* (campo requerido)\" \/><\/span><\/div>\n<div class=\"cf7-form-control cf7-input-50\"><span class=\"wpcf7-form-control-wrap your-email\"><input type=\"email\" name=\"your-email\" value=\"\" size=\"40\" class=\"wpcf7-form-control wpcf7-text wpcf7-email wpcf7-validates-as-required wpcf7-validates-as-email\" aria-required=\"true\" aria-invalid=\"false\" placeholder=\"Email* (campo requerido)\" \/><\/span><\/div>\n<div class=\"cf7-form-control cf7-input-50\"><span class=\"wpcf7-form-control-wrap your-phone\"><input type=\"text\" name=\"your-phone\" value=\"\" size=\"40\" class=\"wpcf7-form-control wpcf7-text wpcf7-validates-as-required\" aria-required=\"true\" aria-invalid=\"false\" placeholder=\"Tel\u00e9fono* (campo requerido)\" \/><\/span><\/div>\n<div class=\"cf7-form-control cf7-input-100\"><span class=\"wpcf7-form-control-wrap your-address\"><input type=\"text\" name=\"your-address\" value=\"\" size=\"40\" class=\"wpcf7-form-control wpcf7-text\" aria-invalid=\"false\" placeholder=\"Direcci\u00f3n\" \/><\/span><\/div>\n<div class=\"cf7-form-control cf7-input-100\"><span class=\"wpcf7-form-control-wrap your-message\"><textarea name=\"your-message\" cols=\"40\" rows=\"10\" class=\"wpcf7-form-control wpcf7-textarea\" aria-invalid=\"false\" placeholder=\"Mensaje (No olvides mencionar qu\u00e9 clase y horario te interesa)\"><\/textarea><\/span><\/div>\n<div class=\"wpcf7-form-control-wrap\"><div data-sitekey=\"6Lf_IdEqAAAAAPK7PYwSl5aPfqpa7LzUhPcbnY57\" class=\"wpcf7-form-control g-recaptcha wpcf7-recaptcha\"><\/div>\n<noscript>\n\t<div style=\"width: 302px; height: 422px;\">\n\t\t<div style=\"width: 302px; height: 422px; position: relative;\">\n\t\t\t<div style=\"width: 302px; height: 422px; position: absolute;\">\n\t\t\t\t<iframe src=\"https:\/\/www.google.com\/recaptcha\/api\/fallback?k=6Lf_IdEqAAAAAPK7PYwSl5aPfqpa7LzUhPcbnY57\" frameborder=\"0\" scrolling=\"no\" style=\"width: 302px; height:422px; border-style: none;\">\n\t\t\t\t<\/iframe>\n\t\t\t<\/div>\n\t\t\t<div style=\"width: 300px; height: 60px; border-style: none; bottom: 12px; left: 25px; margin: 0px; padding: 0px; right: 25px; background: #f9f9f9; border: 1px solid #c1c1c1; border-radius: 3px;\">\n\t\t\t\t<textarea id=\"g-recaptcha-response\" name=\"g-recaptcha-response\" class=\"g-recaptcha-response\" style=\"width: 250px; height: 40px; border: 1px solid #c1c1c1; margin: 10px 25px; padding: 0px; resize: none;\">\n\t\t\t\t<\/textarea>\n\t\t\t<\/div>\n\t\t<\/div>\n\t<\/div>\n<\/noscript>\n<\/div>\n<div class=\"cf7-btn-submit-wrapper\">\n<div class=\"cf7-btn-submit\"><input type=\"submit\" value=\"Agendar Ahora\" class=\"wpcf7-form-control wpcf7-submit\" \/><\/div>\n<\/div>\n<\/div>\n<div class=\"wpcf7-response-output wpcf7-display-none\"><\/div><\/form><\/div>\r\n    <\/div>\r\n\r\n[\/vc_column][\/vc_row]<\/p>\n\n\n\n<p>[vc_column]<div class=\"slz-shortcode sc_main_title main-title-56722377169e498e5a319a  la-united-states text-c \">\r\n\t<div class=\"st-florida\">\r\n\t\t\t\t\t<div class=\"subtitle-wrapper\">\r\n\t\t\t\t<span class=\"subtitle\">Agenda tu consulta ahora<\/span>\r\n\t\t\t<\/div>\r\n\t\t\t\t<div class=\"title-wrapper\">\r\n\r\n\t\t\t<span class=\"title\">\u00a1CONT\u00c1CTANOS!<\/span>\r\n\t\t\t\r\n\t\t\t\r\n\t\t<\/div>\r\n\t<div class=\"icon-wrapper\"><i class=\"slz-icon jogy-icon-title-02\"><\/i><\/div>\t<\/div>\r\n<\/div>\r\n\r\n\r\n    <div class=\"slz-shortcode sc-contact-form sc-contact-form-60888480069e498e5a34e1  ctf-box-shadow \">\r\n        <div role=\"form\" class=\"wpcf7\" id=\"wpcf7-f7045-o2\" lang=\"en-US\" dir=\"ltr\">\n<div class=\"screen-reader-response\"><\/div>\n<form action=\"\/2017\/wp-json\/wp\/v2\/pages\/8811#wpcf7-f7045-o2\" method=\"post\" class=\"wpcf7-form\" novalidate=\"novalidate\">\n<div style=\"display: none;\">\n<input type=\"hidden\" name=\"_wpcf7\" value=\"7045\" \/>\n<input type=\"hidden\" name=\"_wpcf7_version\" value=\"5.0.2\" \/>\n<input type=\"hidden\" name=\"_wpcf7_locale\" value=\"en_US\" \/>\n<input type=\"hidden\" name=\"_wpcf7_unit_tag\" value=\"wpcf7-f7045-o2\" \/>\n<input type=\"hidden\" name=\"_wpcf7_container_post\" value=\"0\" \/>\n<\/div>\n<div class=\"cf7 cf7-blue form-get-an-appointment\">\n<div class=\"cf7-form-control cf7-input-50\"><span class=\"wpcf7-form-control-wrap your-name\"><input type=\"text\" name=\"your-name\" value=\"\" size=\"40\" class=\"wpcf7-form-control wpcf7-text wpcf7-validates-as-required\" aria-required=\"true\" aria-invalid=\"false\" placeholder=\"Nombre* (campo requerido)\" \/><\/span><\/div>\n<div class=\"cf7-form-control cf7-input-50\"><span class=\"wpcf7-form-control-wrap your-email\"><input type=\"email\" name=\"your-email\" value=\"\" size=\"40\" class=\"wpcf7-form-control wpcf7-text wpcf7-email wpcf7-validates-as-required wpcf7-validates-as-email\" aria-required=\"true\" aria-invalid=\"false\" placeholder=\"Email* (campo requerido)\" \/><\/span><\/div>\n<div class=\"cf7-form-control cf7-input-50\"><span class=\"wpcf7-form-control-wrap your-phone\"><input type=\"text\" name=\"your-phone\" value=\"\" size=\"40\" class=\"wpcf7-form-control wpcf7-text wpcf7-validates-as-required\" aria-required=\"true\" aria-invalid=\"false\" placeholder=\"Tel\u00e9fono* (campo requerido)\" \/><\/span><\/div>\n<div class=\"cf7-form-control cf7-input-100\"><span class=\"wpcf7-form-control-wrap your-address\"><input type=\"text\" name=\"your-address\" value=\"\" size=\"40\" class=\"wpcf7-form-control wpcf7-text\" aria-invalid=\"false\" placeholder=\"Direcci\u00f3n\" \/><\/span><\/div>\n<div class=\"cf7-form-control cf7-input-100\"><span class=\"wpcf7-form-control-wrap your-message\"><textarea name=\"your-message\" cols=\"40\" rows=\"10\" class=\"wpcf7-form-control wpcf7-textarea\" aria-invalid=\"false\" placeholder=\"Mensaje (No olvides mencionar qu\u00e9 clase y horario te interesa)\"><\/textarea><\/span><\/div>\n<div class=\"wpcf7-form-control-wrap\"><div data-sitekey=\"6Lf_IdEqAAAAAPK7PYwSl5aPfqpa7LzUhPcbnY57\" class=\"wpcf7-form-control g-recaptcha wpcf7-recaptcha\"><\/div>\n<noscript>\n\t<div style=\"width: 302px; height: 422px;\">\n\t\t<div style=\"width: 302px; height: 422px; position: relative;\">\n\t\t\t<div style=\"width: 302px; height: 422px; position: absolute;\">\n\t\t\t\t<iframe src=\"https:\/\/www.google.com\/recaptcha\/api\/fallback?k=6Lf_IdEqAAAAAPK7PYwSl5aPfqpa7LzUhPcbnY57\" frameborder=\"0\" scrolling=\"no\" style=\"width: 302px; height:422px; border-style: none;\">\n\t\t\t\t<\/iframe>\n\t\t\t<\/div>\n\t\t\t<div style=\"width: 300px; height: 60px; border-style: none; bottom: 12px; left: 25px; margin: 0px; padding: 0px; right: 25px; background: #f9f9f9; border: 1px solid #c1c1c1; border-radius: 3px;\">\n\t\t\t\t<textarea id=\"g-recaptcha-response\" name=\"g-recaptcha-response\" class=\"g-recaptcha-response\" style=\"width: 250px; height: 40px; border: 1px solid #c1c1c1; margin: 10px 25px; padding: 0px; resize: none;\">\n\t\t\t\t<\/textarea>\n\t\t\t<\/div>\n\t\t<\/div>\n\t<\/div>\n<\/noscript>\n<\/div>\n<div class=\"cf7-btn-submit-wrapper\">\n<div class=\"cf7-btn-submit\"><input type=\"submit\" value=\"Agendar Ahora\" class=\"wpcf7-form-control wpcf7-submit\" \/><\/div>\n<\/div>\n<\/div>\n<div class=\"wpcf7-response-output wpcf7-display-none\"><\/div><\/form><\/div>\r\n    <\/div>\r\n\r\n[\/vc_column][\/vc_row]<\/p>\n","protected":false},"excerpt":{"rendered":"<p>Con Zyto Balance podr\u00e1s conocer: Informes de bienestar Informe de alimentos esenciales Informes de inmunidad [vc_column][\/vc_column][\/vc_row] [vc_column][\/vc_column][\/vc_row]<\/p>\n","protected":false},"author":1,"featured_media":0,"parent":0,"menu_order":0,"comment_status":"closed","ping_status":"closed","template":"","meta":{"_joinchat":[]},"_links":{"self":[{"href":"https:\/\/yogatlalpansur.com\/2017\/wp-json\/wp\/v2\/pages\/8811"}],"collection":[{"href":"https:\/\/yogatlalpansur.com\/2017\/wp-json\/wp\/v2\/pages"}],"about":[{"href":"https:\/\/yogatlalpansur.com\/2017\/wp-json\/wp\/v2\/types\/page"}],"author":[{"embeddable":true,"href":"https:\/\/yogatlalpansur.com\/2017\/wp-json\/wp\/v2\/users\/1"}],"replies":[{"embeddable":true,"href":"https:\/\/yogatlalpansur.com\/2017\/wp-json\/wp\/v2\/comments?post=8811"}],"version-history":[{"count":26,"href":"https:\/\/yogatlalpansur.com\/2017\/wp-json\/wp\/v2\/pages\/8811\/revisions"}],"predecessor-version":[{"id":8883,"href":"https:\/\/yogatlalpansur.com\/2017\/wp-json\/wp\/v2\/pages\/8811\/revisions\/8883"}],"wp:attachment":[{"href":"https:\/\/yogatlalpansur.com\/2017\/wp-json\/wp\/v2\/media?parent=8811"}],"curies":[{"name":"wp","href":"https:\/\/api.w.org\/{rel}","templated":true}]}}