{"id":8126,"date":"2017-09-26T17:48:52","date_gmt":"2017-09-26T17:48:52","guid":{"rendered":"https:\/\/yogatlalpansur.com\/2017\/?page_id=8126"},"modified":"2017-09-26T18:03:09","modified_gmt":"2017-09-26T18:03:09","slug":"aviso-de-privacidad","status":"publish","type":"page","link":"https:\/\/yogatlalpansur.com\/2017\/aviso-de-privacidad\/","title":{"rendered":"Aviso de Privacidad"},"content":{"rendered":"<p>[vc_row][vc_column]<div class=\"slz-shortcode sc_main_title main-title-208644035569e5ecf7a403a  la-united-states text-c \">\r\n\t<div class=\"st-florida\">\r\n\t\t\t\t<div class=\"title-wrapper\">\r\n\r\n\t\t\t<span class=\"title\">AVISO DE PRIVACIDAD<\/span>\r\n\t\t\t\r\n\t\t\t\r\n\t\t<\/div>\r\n\t<div class=\"icon-wrapper\"><i class=\"slz-icon jogy-icon-title-02\"><\/i><\/div>\t<\/div>\r\n<\/div>\r\n\r\n[\/vc_column][\/vc_row][vc_row][vc_column width=&#8221;1\/4&#8243;][\/vc_column][vc_column width=&#8221;1\/2&#8243;][vc_column_text]<\/p>\n<div id=\"page_wrap\">\n<div id=\"content_wrap\" class=\"page_container\">\n<div class=\"page_content\">\n<p><strong>Conforme a lo establecido en la Ley Federal de Protecci\u00f3n de Datos Personales en Posesi\u00f3n de Particulares, autorizo a que mis datos personales sean transferidos<\/strong>*<\/p>\n<p>AVISO DE PRIVACIDAD De conformidad con lo establecido en la Ley Federal de Protecci\u00f3n de Datos Personales en Posesi\u00f3n de Particulares, se pone a disposici\u00f3n el presente aviso de privacidad en los siguientes t\u00e9rminos: Como responsable del uso y protecci\u00f3n de datos personales: YOGA TLALPAN SUR hace de su conocimiento que la informaci\u00f3n de nuestros clientes es tratada de forma estrictamente confidencial por lo que al proporcionar sus datos personales solicitados en esta encuesta, \u00e9stos ser\u00e1n utilizados para: \u2022 Dar cumplimiento a obligaciones contra\u00eddas contigo. \u2022 Informarte sobre cambios de nuestros productos o servicios. \u2022 Evaluar la calidad del servicio. \u2022 Realizar estudios internos sobre h\u00e1bitos de consumo. \u2022 Atender requerimientos legales de autoridades competentes.\u00a0\u00a0 Para prevenir el acceso no autorizado a sus datos personales y con el fin de asegurar que la informaci\u00f3n sea utilizada para los fines se\u00f1alados en este aviso de privacidad, hemos establecido diversos procedimientos y medidas de seguridad administrativas, f\u00edsicas y t\u00e9cnicas con la finalidad de evitar el uso o divulgaci\u00f3n no autorizados de sus datos, permiti\u00e9ndonos tratarlos debidamente. Todos sus datos personales son tratados de acuerdo a la legislaci\u00f3n aplicable y vigente en el pa\u00eds por ello le informamos que usted tiene en todo momento el poder de revocar este consentimiento a trav\u00e9s de los derechos ARCO: de acceder, rectificar, cancelar u oponerse al tratamiento que le damos a sus datos personales; derecho que podr\u00e1 hacer valer al presentar el formato que est\u00e1 disponible en este establecimiento y que le facilitara nuestro personal sin costo alguno. Podremos realizar transferencias de sus datos personales a nuestras empresas filiales o subsidiarias, as\u00ed como a sus distribuidores autorizados y\/o terceros proveedores de servicios con quienes tenga relaci\u00f3n jur\u00eddica, as\u00ed como a terceros Nacionales o Extranjeros. Los terceros y receptores de datos personales, tiene las mismas obligaciones y\/o responsabilidades que nosotros, de conformidad a lo establecido en el presente aviso de privacidad. Si no manifiestas su oposici\u00f3n para que sus datos personales sean transferidos, se entender\u00e1 que has otorgado tu consentimiento para ello. Este aviso de privacidad podr\u00e1 ser modificado en cualquier momento, siendo que dichas modificaciones ser\u00e1n notificadas en aviso f\u00edsico en el establecimiento o a trav\u00e9s de medio electr\u00f3nico. Fecha de \u00faltima actualizaci\u00f3n 28\/07\/2014.<\/p>\n<\/div>\n<div id=\"sidebar\"><\/div>\n<\/div>\n<\/div>\n<p>[\/vc_column_text][\/vc_column][vc_column width=&#8221;1\/4&#8243;][\/vc_column][\/vc_row]<\/p>\n","protected":false},"excerpt":{"rendered":"<p>[vc_row][vc_column][\/vc_column][\/vc_row][vc_row][vc_column width=&#8221;1\/4&#8243;][\/vc_column][vc_column width=&#8221;1\/2&#8243;][vc_column_text] Conforme a lo establecido en la Ley Federal de Protecci\u00f3n de Datos Personales en Posesi\u00f3n de Particulares, autorizo a que mis datos personales sean transferidos* AVISO DE PRIVACIDAD De conformidad con lo establecido en la Ley Federal de Protecci\u00f3n de Datos Personales en Posesi\u00f3n de Particulares, se pone a disposici\u00f3n el presente [&hellip;]<\/p>\n","protected":false},"author":1,"featured_media":0,"parent":0,"menu_order":0,"comment_status":"closed","ping_status":"closed","template":"","meta":{"_joinchat":[]},"_links":{"self":[{"href":"https:\/\/yogatlalpansur.com\/2017\/wp-json\/wp\/v2\/pages\/8126"}],"collection":[{"href":"https:\/\/yogatlalpansur.com\/2017\/wp-json\/wp\/v2\/pages"}],"about":[{"href":"https:\/\/yogatlalpansur.com\/2017\/wp-json\/wp\/v2\/types\/page"}],"author":[{"embeddable":true,"href":"https:\/\/yogatlalpansur.com\/2017\/wp-json\/wp\/v2\/users\/1"}],"replies":[{"embeddable":true,"href":"https:\/\/yogatlalpansur.com\/2017\/wp-json\/wp\/v2\/comments?post=8126"}],"version-history":[{"count":6,"href":"https:\/\/yogatlalpansur.com\/2017\/wp-json\/wp\/v2\/pages\/8126\/revisions"}],"predecessor-version":[{"id":8132,"href":"https:\/\/yogatlalpansur.com\/2017\/wp-json\/wp\/v2\/pages\/8126\/revisions\/8132"}],"wp:attachment":[{"href":"https:\/\/yogatlalpansur.com\/2017\/wp-json\/wp\/v2\/media?parent=8126"}],"curies":[{"name":"wp","href":"https:\/\/api.w.org\/{rel}","templated":true}]}}