{"id":8071,"date":"2017-09-21T20:04:27","date_gmt":"2017-09-21T20:04:27","guid":{"rendered":"https:\/\/yogatlalpansur.com\/2017\/?page_id=8071"},"modified":"2017-11-21T18:25:07","modified_gmt":"2017-11-21T18:25:07","slug":"material-didactico","status":"publish","type":"page","link":"https:\/\/yogatlalpansur.com\/2017\/material-didactico\/","title":{"rendered":"MATERIAL DID\u00c1CTICO"},"content":{"rendered":"<p>[vc_row][vc_column]<div class=\"slz-shortcode sc_main_title main-title-163879550469e498b33c865  la-united-states text-c \">\r\n\t<div class=\"st-florida\">\r\n\t\t\t\t<div class=\"title-wrapper\">\r\n\r\n\t\t\t<span class=\"title\">MANTRA PATANJALI<\/span>\r\n\t\t\t\r\n\t\t\t\r\n\t\t<\/div>\r\n\t<div class=\"icon-wrapper\"><i class=\"slz-icon jogy-icon-title-02\"><\/i><\/div>\t<\/div>\r\n<\/div>\r\n\r\n[vc_column_text]<\/p>\n<h3 style=\"text-align: center;\"><em>Mantra Patanjali cantado por nuestro Maestro B.K.S Iyengar.<span style=\"color: #333333;\">\u00a0<\/span><\/em><\/h3>\n<h3 style=\"text-align: center;\"><em><span style=\"color: #808080;\">Puedes dar play al video y cantar el mantra, m\u00e1s abajo encontrar\u00e1s la letra.<\/span><\/em><\/h3>\n<p>&nbsp;<\/p>\n<h3 style=\"text-align: center;\"><iframe loading=\"lazy\" src=\"https:\/\/www.youtube.com\/embed\/P7oOorSyfr4?rel=0\" width=\"560\" height=\"315\" frameborder=\"0\" allowfullscreen=\"allowfullscreen\"><\/iframe><\/h3>\n<p>[\/vc_column_text][vc_empty_space height=&#8221;18px&#8221;]<div class=\"slz-shortcode sc_main_title main-title-127803606569e498b33d9a0  la-united-states text-c \">\r\n\t<div class=\"st-florida\">\r\n\t\t<div class=\"icon-wrapper\"><i class=\"slz-icon jogy-icon-title-02\"><\/i><\/div>\t<\/div>\r\n<\/div>\r\n\r\n[vc_column_text]<\/p>\n<h3 class=\"p3\" style=\"text-align: center;\"><em><strong><span class=\"s1\">yogena cittasya padena vacam<\/span><\/strong><\/em><\/h3>\n<h3 class=\"p3\" style=\"text-align: center;\"><span class=\"s1\" style=\"color: #808080;\">yoguena shitasia padena vallam<\/span><\/h3>\n<h3 class=\"p3\" style=\"text-align: center;\"><em><strong><span class=\"s1\">malam sarirasya ca vaidyakena<\/span><\/strong><\/em><\/h3>\n<h3 class=\"p3\" style=\"text-align: center;\"><span class=\"s1\" style=\"color: #808080;\">malam sharirasia cha vaidllakena <\/span><\/h3>\n<h3 class=\"p3\" style=\"text-align: center;\"><em><strong><span class=\"s1\">yopakarottam pravaram muninam<\/span><\/strong><\/em><\/h3>\n<h3 class=\"p3\" style=\"text-align: center;\"><span class=\"s1\" style=\"color: #808080;\">yopakarotam pravaram muninam <\/span><\/h3>\n<h3 class=\"p3\" style=\"text-align: center;\"><em><strong><span class=\"s1\">pata\u00f1jalim pra\u00f1jaliranato\u00b4 smi<\/span><\/strong><\/em><\/h3>\n<h3 class=\"p3\" style=\"text-align: center;\"><span class=\"s1\" style=\"color: #808080;\">pataanllalim praanllalir anatoshimi <\/span><\/h3>\n<h3 class=\"p3\" style=\"text-align: center;\"><em><strong><span class=\"s1\">abahu purusakaram<\/span><\/strong><\/em><\/h3>\n<h3 class=\"p3\" style=\"text-align: center;\"><span class=\"s1\" style=\"color: #808080;\">abaju purushakaram <\/span><\/h3>\n<h3 class=\"p3\" style=\"text-align: center;\"><em><strong><span class=\"s1\">sankha cakrasi dharinam<\/span><\/strong><\/em><\/h3>\n<h3 class=\"p3\" style=\"text-align: center;\"><span class=\"s1\" style=\"color: #808080;\">shanka chakrasi daharinam <\/span><\/h3>\n<h3 class=\"p3\" style=\"text-align: center;\"><em><strong><span class=\"s1\">sahasra sirasam svetam<\/span><\/strong><\/em><\/h3>\n<h3 class=\"p3\" style=\"text-align: center;\"><span class=\"s1\" style=\"color: #808080;\">sajasra shirasam shvetam <\/span><\/h3>\n<h3 class=\"p3\" style=\"text-align: center;\"><em><strong><span class=\"s1\">pranamami patanjalim<\/span><\/strong><\/em><\/h3>\n<h3 class=\"p3\" style=\"text-align: center;\"><span class=\"s1\" style=\"color: #808080;\">pranamami patanllalim <\/span><\/h3>\n<h3 class=\"p3\" style=\"text-align: center;\"><em><strong><span class=\"s1\">hari om<\/span><\/strong><\/em><\/h3>\n<h3 class=\"p3\" style=\"text-align: center;\"><span class=\"s1\" style=\"color: #808080;\">jarii om<\/span><\/h3>\n<p>[\/vc_column_text][vc_empty_space height=&#8221;50px&#8221;][vc_column_text]<\/p>\n<h3 style=\"text-align: center;\">Inclin\u00e9monos ante el sabio m\u00e1s noble, Pata\u00f1jali, quien dio el yoga para la serenidad y la santidad de la mente, la gram\u00e1tica para la claridad y pureza del habla y la medicina para el perfeccionamiento de la salud.<\/h3>\n<h3 style=\"text-align: center;\">Postr\u00e9monos ante Pata\u00f1jali, encarnaci\u00f3n de Adisesa, cuya parte superior del cuerpo tiene forma humana, cuyos brazos sostienen una concha y un disco y es coronado por una cobra de mil cabezas.<\/h3>\n<p>[\/vc_column_text][vc_empty_space]<div class=\"slz-shortcode sc_main_title main-title-126247615369e498b33dd1d  la-united-states text-c \">\r\n\t<div class=\"st-florida\">\r\n\t\t<div class=\"icon-wrapper\"><i class=\"slz-icon jogy-icon-title-02\"><\/i><\/div>\t<\/div>\r\n<\/div>\r\n\r\n[\/vc_column][\/vc_row]<\/p>\n","protected":false},"excerpt":{"rendered":"<p>[vc_row][vc_column][vc_column_text] Mantra Patanjali cantado por nuestro Maestro B.K.S Iyengar.\u00a0 Puedes dar play al video y cantar el mantra, m\u00e1s abajo encontrar\u00e1s la letra. &nbsp; [\/vc_column_text][vc_empty_space height=&#8221;18px&#8221;][vc_column_text] yogena cittasya padena vacam yoguena shitasia padena vallam malam sarirasya ca vaidyakena malam sharirasia cha vaidllakena yopakarottam pravaram muninam yopakarotam pravaram muninam pata\u00f1jalim pra\u00f1jaliranato\u00b4 smi pataanllalim praanllalir anatoshimi abahu [&hellip;]<\/p>\n","protected":false},"author":1,"featured_media":0,"parent":0,"menu_order":0,"comment_status":"closed","ping_status":"closed","template":"","meta":{"_joinchat":[]},"_links":{"self":[{"href":"https:\/\/yogatlalpansur.com\/2017\/wp-json\/wp\/v2\/pages\/8071"}],"collection":[{"href":"https:\/\/yogatlalpansur.com\/2017\/wp-json\/wp\/v2\/pages"}],"about":[{"href":"https:\/\/yogatlalpansur.com\/2017\/wp-json\/wp\/v2\/types\/page"}],"author":[{"embeddable":true,"href":"https:\/\/yogatlalpansur.com\/2017\/wp-json\/wp\/v2\/users\/1"}],"replies":[{"embeddable":true,"href":"https:\/\/yogatlalpansur.com\/2017\/wp-json\/wp\/v2\/comments?post=8071"}],"version-history":[{"count":27,"href":"https:\/\/yogatlalpansur.com\/2017\/wp-json\/wp\/v2\/pages\/8071\/revisions"}],"predecessor-version":[{"id":8470,"href":"https:\/\/yogatlalpansur.com\/2017\/wp-json\/wp\/v2\/pages\/8071\/revisions\/8470"}],"wp:attachment":[{"href":"https:\/\/yogatlalpansur.com\/2017\/wp-json\/wp\/v2\/media?parent=8071"}],"curies":[{"name":"wp","href":"https:\/\/api.w.org\/{rel}","templated":true}]}}