{"id":7600,"date":"2017-08-29T21:21:25","date_gmt":"2017-08-29T21:21:25","guid":{"rendered":"https:\/\/yogatlalpansur.com\/2017\/?page_id=7600"},"modified":"2022-09-20T00:30:29","modified_gmt":"2022-09-20T00:30:29","slug":"talleres","status":"publish","type":"page","link":"https:\/\/yogatlalpansur.com\/2017\/talleres\/","title":{"rendered":"TALLERES"},"content":{"rendered":"<p>[vc_row][vc_column]<div class=\"slz-shortcode sc_main_title main-title-46664134669e5feb74126f  la-united-states text-c \">\r\n\t<div class=\"st-florida\">\r\n\t\t\t\t\t<div class=\"subtitle-wrapper\">\r\n\t\t\t\t<span class=\"subtitle\">Asiste a nuestros<\/span>\r\n\t\t\t<\/div>\r\n\t\t\t\t<div class=\"title-wrapper\">\r\n\r\n\t\t\t<span class=\"title\">TALLERES<\/span>\r\n\t\t\t\r\n\t\t\t\r\n\t\t<\/div>\r\n\t<div class=\"icon-wrapper\"><i class=\"slz-icon jogy-icon-title-02\"><\/i><\/div>\t<\/div>\r\n<\/div>\r\n\r\n[\/vc_column][\/vc_row][vc_row][vc_column]<div class=\"slz-shortcode sc_event_block sc_event_carousel event-ajax-filter event-list-115408492469e5feb746150  la-united-states\" data-block-class=\"event-list-115408492469e5feb746150\">\r\n    <!-- filter box -->\r\n            <div class=\"filter-warpper\">\r\n                                <div class=\"filter title\">Filter Event<\/div>\r\n                    <div class=\"filter\">\r\n                        <select class=\"filter-content category\">\r\n                            <option value=\"yoga-iyengar\">Yoga Iyengar<\/option>                        <\/select>\r\n                    <\/div>\r\n                                            <div class=\"filter\">\r\n                            <input class=\"dropdown-toggle\" type=\"text\">\r\n                            <select class=\"filter-content event-host\">\r\n                                <option value=\"\">-Select Event Host-<\/option><option value=\"7832\">Coral Hern\u00e1ndez<\/option><option value=\"7777\">Ang\u00e9lica Hern\u00e1ndez<\/option><option value=\"7828\">Mauricio Hern\u00e1ndez<\/option><option value=\"7784\">Gilberto Carrillo<\/option><option value=\"2348\">Mar\u00eda Isabel L\u00f3pez V\u00e1zquez<\/option>                            <\/select>\r\n                        <\/div>\r\n                        <div class=\"form-group date\">\r\n                <input type=\"text\" placeholder=\"Date\" class=\"search-field form-control event-search-datepicker start_date\" data-date-format=\"yyyy\/mm\/dd\">\r\n            <\/div>\r\n                        <div class=\"filter icon\">\r\n                <a href=\"javascript:void(0)\" class=\"item get-block\">\r\n                    <i class=\"fa fa-bars\" aria-hidden=\"true\"><\/i>\r\n                <\/a>\r\n                <a href=\"javascript:void(0)\" class=\"item remove-block\">\r\n                    <i class=\"fa fa-th\" aria-hidden=\"true\"><\/i>\r\n                <\/a>\r\n            <\/div>\r\n        <\/div>\r\n        \r\n    <!-- grid content -->\r\n    <div class=\"class_atts_more block-grid\" data-json=\"{&quot;layout&quot;:&quot;layout-1&quot;,&quot;style&quot;:&quot;style-1&quot;,&quot;limit_post&quot;:&quot;-1&quot;,&quot;offset_post&quot;:&quot;&quot;,&quot;sort_by&quot;:&quot;&quot;,&quot;post_id&quot;:[],&quot;method&quot;:&quot;event&quot;,&quot;list_category&quot;:&quot;&quot;,&quot;show_image_1&quot;:&quot;2&quot;,&quot;show_image_2&quot;:&quot;0&quot;,&quot;list_post&quot;:&quot;%5B%7B%7D%5D&quot;,&quot;extension&quot;:&quot;events&quot;,&quot;shortcode&quot;:&quot;event_block&quot;,&quot;layout-1-style&quot;:&quot;st-florida&quot;,&quot;show_filter_box&quot;:&quot;yes&quot;,&quot;title&quot;:&quot;&quot;,&quot;extra_class&quot;:&quot;&quot;,&quot;image_display&quot;:&quot;show&quot;,&quot;description_display&quot;:&quot;show&quot;,&quot;event_time_display&quot;:&quot;show&quot;,&quot;event_location_display&quot;:&quot;show&quot;,&quot;event_address_display&quot;:&quot;show&quot;,&quot;title_color&quot;:&quot;&quot;,&quot;event_goal_donation&quot;:&quot;&quot;,&quot;category_slug&quot;:&quot;&quot;,&quot;posts&quot;:&quot;&quot;,&quot;pagination&quot;:&quot;yes&quot;,&quot;column&quot;:&quot;1&quot;,&quot;thumb-size&quot;:{&quot;large&quot;:&quot;jogy-thumb-800x500&quot;,&quot;no-image&quot;:&quot;thumb-800x500.png&quot;,&quot;small&quot;:&quot;jogy-thumb-800x500&quot;},&quot;title_length&quot;:null,&quot;excerpt_length&quot;:null,&quot;uniq_id&quot;:&quot;slz-event-56554772069e5feb743693&quot;,&quot;has_image&quot;:&quot;has-image&quot;}\"><div class=\"slz-list-block st-florida\"><div class=\"slz-list-event-01\">\r\n    <div class=\"slz-list-block list-event slz-column-1 \">\r\n        \r\n    <div class=\"item\">\r\n        <div class=\"slz-block-item-05 has-image style-1\">\r\n           \r\n            <div class=\"block-image\"><a href=\"https:\/\/yogatlalpansur.com\/2017\/event\/reto-detox\/\" class=\"link\"><img width=\"752\" height=\"500\" src=\"https:\/\/yogatlalpansur.com\/2017\/wp-content\/uploads\/2018\/01\/Reto-Detox-Yoga-Tlalpan-Sur-Banner-752x500.png\" class=\"img-responsive img-full\" alt=\"\" decoding=\"async\" loading=\"lazy\" \/><\/a><\/div>\r\n            <div class=\"block-content\">\r\n                <div class=\"block-content-wrapper\">\r\n                    <a href=\"https:\/\/yogatlalpansur.com\/2017\/event\/reto-detox\/\" class=\"block-title\">Reto DETOX<\/a>\r\n                    <ul class=\"block-info\"><li><a href=\"javascript:void(0);\" class=\"link time\"><span class=\"text\">marzo 2, 2018 at 8:00 am<\/span> to <span class=\"text\">marzo 23, 2018 at 7:00 pm<\/span><\/a><\/li><li><a href=\"javascript:void(0);\" class=\"link place\">Yoga Tlalpan Sur<\/a><\/li><\/ul>\r\n                    <div class=\"price\">$4,800<\/div>\r\n                    \r\n    <div class=\"description\">Cumple tus prop\u00f3sitos de a\u00f1o nuevo. \u00a1Desintox\u00edcate en 21 d\u00edas!<\/div>\r\n\r\n                <\/div>\r\n                \r\n            <\/div>\r\n            <div class=\"block-date\">\r\n                <a href=\"javascript:void(0);\" class=\"link date-event\">\r\n\t\t            <span class=\"date\">02<\/span>\r\n\t\t            <span class=\"month\">Mar - 2018<\/span>\r\n\t\t        <\/a>\r\n            <\/div>\r\n        <\/div>\r\n    <\/div>\r\n\r\n    <div class=\"item\">\r\n        <div class=\"slz-block-item-05 has-image style-1\">\r\n           \r\n            <div class=\"block-image\"><a href=\"https:\/\/yogatlalpansur.com\/2017\/event\/taller-encuentra-tu-equilibrio-para-vivir-sin-estres\/\" class=\"link\"><img width=\"800\" height=\"500\" src=\"https:\/\/yogatlalpansur.com\/2017\/wp-content\/uploads\/2017\/04\/El-Yoga-Como-Herramienta-Para-Dejar-Ir-Yoga-Tlalpan-Sur-800x500.png\" class=\"img-responsive img-full\" alt=\"\" decoding=\"async\" loading=\"lazy\" \/><\/a><\/div>\r\n            <div class=\"block-content\">\r\n                <div class=\"block-content-wrapper\">\r\n                    <a href=\"https:\/\/yogatlalpansur.com\/2017\/event\/taller-encuentra-tu-equilibrio-para-vivir-sin-estres\/\" class=\"block-title\">Taller Encuentra tu Equilibrio para Vivir sin Estr\u00e9s<\/a>\r\n                    <ul class=\"block-info\"><li><a href=\"javascript:void(0);\" class=\"link time\"><span class=\"text\"> at <\/span> to <span class=\"text\"> at <\/span><\/a><\/li><li><a href=\"javascript:void(0);\" class=\"link place\">Yoga Tlalpan Sur<\/a><\/li><\/ul>\r\n                    <div class=\"price\">$0<\/div>\r\n                    \r\n    <div class=\"description\">Aprende estrategias para el manejo del estr\u00e9s a trav\u00e9s de la pr\u00e1ctica de yoga.<\/div>\r\n\r\n                <\/div>\r\n                \r\n            <\/div>\r\n            <div class=\"block-date\">\r\n                -\r\n            <\/div>\r\n        <\/div>\r\n    <\/div>\r\n\r\n    <div class=\"item\">\r\n        <div class=\"slz-block-item-05 has-image style-1\">\r\n           \r\n            <div class=\"block-image\"><a href=\"https:\/\/yogatlalpansur.com\/2017\/event\/taller-de-yoga-y-manejo-de-emociones\/\" class=\"link\"><img width=\"800\" height=\"500\" src=\"https:\/\/yogatlalpansur.com\/2017\/wp-content\/uploads\/2017\/09\/Urdhva-Dhanurasana-Yoga-Tlalpan-Sur-800x500.png\" class=\"img-responsive img-full\" alt=\"\" decoding=\"async\" loading=\"lazy\" \/><\/a><\/div>\r\n            <div class=\"block-content\">\r\n                <div class=\"block-content-wrapper\">\r\n                    <a href=\"https:\/\/yogatlalpansur.com\/2017\/event\/taller-de-yoga-y-manejo-de-emociones\/\" class=\"block-title\">Taller de Yoga y Manejo de Emociones<\/a>\r\n                    <ul class=\"block-info\"><li><a href=\"javascript:void(0);\" class=\"link time\"><span class=\"text\"> at <\/span> to <span class=\"text\"> at <\/span><\/a><\/li><li><a href=\"javascript:void(0);\" class=\"link place\">Yoga Tlalpan Sur<\/a><\/li><\/ul>\r\n                    <div class=\"price\">$0<\/div>\r\n                    \r\n    <div class=\"description\">Entra en contacto con tus emociones a trav\u00e9s de la pr\u00e1ctica del yoga.<\/div>\r\n\r\n                <\/div>\r\n                \r\n            <\/div>\r\n            <div class=\"block-date\">\r\n                -\r\n            <\/div>\r\n        <\/div>\r\n    <\/div>\r\n\r\n    <div class=\"item\">\r\n        <div class=\"slz-block-item-05 has-image style-1\">\r\n           \r\n            <div class=\"block-image\"><a href=\"https:\/\/yogatlalpansur.com\/2017\/event\/evento-de-gratitud-prosperidad-y-abundancia\/\" class=\"link\"><img width=\"800\" height=\"500\" src=\"https:\/\/yogatlalpansur.com\/2017\/wp-content\/uploads\/2017\/09\/Meditacion-Creativa-Blog-Yoga-Tlalpan-Sur-800x500.png\" class=\"img-responsive img-full\" alt=\"\" decoding=\"async\" loading=\"lazy\" \/><\/a><\/div>\r\n            <div class=\"block-content\">\r\n                <div class=\"block-content-wrapper\">\r\n                    <a href=\"https:\/\/yogatlalpansur.com\/2017\/event\/evento-de-gratitud-prosperidad-y-abundancia\/\" class=\"block-title\">Evento de Gratitud, Abundancia y Prosperidad<\/a>\r\n                    <ul class=\"block-info\"><li><a href=\"javascript:void(0);\" class=\"link time\"><span class=\"text\"> at <\/span> to <span class=\"text\"> at <\/span><\/a><\/li><li><a href=\"javascript:void(0);\" class=\"link place\">Yoga Tlalpan Sur<\/a><\/li><\/ul>\r\n                    <div class=\"price\">$0<\/div>\r\n                    \r\n    <div class=\"description\">\u00a1Comienza el a\u00f1o con Gratitud para lograr Abundancia y Prosperidad!<\/div>\r\n\r\n                <\/div>\r\n                \r\n            <\/div>\r\n            <div class=\"block-date\">\r\n                -\r\n            <\/div>\r\n        <\/div>\r\n    <\/div>\r\n    <\/div>\r\n<\/div>\r\n\r\n<\/div><\/div><\/div>[\/vc_column][\/vc_row]<\/p>\n","protected":false},"excerpt":{"rendered":"<p>[vc_row][vc_column][\/vc_column][\/vc_row][vc_row][vc_column][\/vc_column][\/vc_row]<\/p>\n","protected":false},"author":1,"featured_media":0,"parent":0,"menu_order":0,"comment_status":"closed","ping_status":"closed","template":"","meta":{"_joinchat":[]},"_links":{"self":[{"href":"https:\/\/yogatlalpansur.com\/2017\/wp-json\/wp\/v2\/pages\/7600"}],"collection":[{"href":"https:\/\/yogatlalpansur.com\/2017\/wp-json\/wp\/v2\/pages"}],"about":[{"href":"https:\/\/yogatlalpansur.com\/2017\/wp-json\/wp\/v2\/types\/page"}],"author":[{"embeddable":true,"href":"https:\/\/yogatlalpansur.com\/2017\/wp-json\/wp\/v2\/users\/1"}],"replies":[{"embeddable":true,"href":"https:\/\/yogatlalpansur.com\/2017\/wp-json\/wp\/v2\/comments?post=7600"}],"version-history":[{"count":10,"href":"https:\/\/yogatlalpansur.com\/2017\/wp-json\/wp\/v2\/pages\/7600\/revisions"}],"predecessor-version":[{"id":8551,"href":"https:\/\/yogatlalpansur.com\/2017\/wp-json\/wp\/v2\/pages\/7600\/revisions\/8551"}],"wp:attachment":[{"href":"https:\/\/yogatlalpansur.com\/2017\/wp-json\/wp\/v2\/media?parent=7600"}],"curies":[{"name":"wp","href":"https:\/\/api.w.org\/{rel}","templated":true}]}}