{"id":7589,"date":"2017-08-29T21:15:43","date_gmt":"2017-08-29T21:15:43","guid":{"rendered":"https:\/\/yogatlalpansur.com\/2017\/?page_id=7589"},"modified":"2023-02-13T21:34:51","modified_gmt":"2023-02-13T21:34:51","slug":"horarios-y-tarifas","status":"publish","type":"page","link":"https:\/\/yogatlalpansur.com\/2017\/horarios-y-tarifas\/","title":{"rendered":"HORARIOS Y TARIFAS"},"content":{"rendered":"<div class=\"dropcap\">\n<p>[vc_row][vc_column]<div class=\"slz-shortcode sc_main_title main-title-3571742569e498fc50103  la-united-states text-c \">\r\n\t<div class=\"st-florida\">\r\n\t\t\t\t\t<div class=\"subtitle-wrapper\">\r\n\t\t\t\t<span class=\"subtitle\">Conoce nuestros<\/span>\r\n\t\t\t<\/div>\r\n\t\t\t\t<div class=\"title-wrapper\">\r\n\r\n\t\t\t<span class=\"title\">HORARIOS<\/span>\r\n\t\t\t\r\n\t\t\t\r\n\t\t<\/div>\r\n\t<div class=\"icon-wrapper\"><i class=\"slz-icon jogy-icon-title-02\"><\/i><\/div>\t<\/div>\r\n<\/div>\r\n\r\n[\/vc_column][\/vc_row][vc_row][vc_column]<div class=\"slz-shortcode sc_main_title main-title-128352362769e498fc50675  la-united-states text-c \">\r\n\t<div class=\"st-florida\">\r\n\t\t\t\t\t<div class=\"subtitle-wrapper\">\r\n\t\t\t\t<span class=\"subtitle\">Si te interesa un horario diferente, puedes registrarte aqu\u00ed para que se abra el grupo; con tres personas abrimos el grupo. Pregunta tambi\u00e9n por nuestras clases particulares<\/span>\r\n\t\t\t<\/div>\r\n\t\t\t<\/div>\r\n<\/div>\r\n\r\n[vc_empty_space][\/vc_column][\/vc_row][vc_row][vc_column]<div class=\"slz_shortcode sc_time_table la-united-states  timetable-197847626869e498fc52074\"><div class=\"st-florida\"><div class=\"time-table\">\r\n<div class=\"schedule col-1\"><div class=\"time\"><div class=\"day\">Lunes<\/div><\/div><div class=\"activity activity-color-7903\"><div class=\"name\"><a href=\"https:\/\/yogatlalpansur.com\/2017\/class\/yoga-iyengar-principiantes2\/\" class=\"title\">Yoga Iyengar Principiantes 19:45-21:15<\/a><\/div><div class=\"date-act\"><\/div><div class=\"teacher\">\r\n\t\t\t\t<div class=\"team-item\">\r\n\t\t\t\t\t<a href=\"https:\/\/yogatlalpansur.com\/2017\/team\/angelica-hernandez\/\" class=\"title\">Ang\u00e9lica Hern\u00e1ndez<\/a>\r\n\t\t\t\t<\/div><\/div><\/div><\/div><div class=\"schedule col-2\"><div class=\"time\"><div class=\"day\">Martes<\/div><\/div><div class=\"activity activity-color-8726\"><div class=\"name\"><a href=\"https:\/\/yogatlalpansur.com\/2017\/class\/yoga-restaurativa-1145-1315\/\" class=\"title\">Yoga Restaurativa 12:15-13:45<\/a><\/div><div class=\"date-act\"><\/div><div class=\"teacher\">\r\n\t\t\t\t<div class=\"team-item\">\r\n\t\t\t\t\t<a href=\"https:\/\/yogatlalpansur.com\/2017\/team\/angelica-hernandez\/\" class=\"title\">Ang\u00e9lica Hern\u00e1ndez<\/a>\r\n\t\t\t\t<\/div><\/div><\/div><div class=\"activity activity-color-7906\"><div class=\"name\"><a href=\"https:\/\/yogatlalpansur.com\/2017\/class\/yoga-iyengar-intermedio-2\/\" class=\"title\">Yoga Iyengar Nivel 1 &#8212; 18:00-19:30<\/a><\/div><div class=\"date-act\"><\/div><div class=\"teacher\">\r\n\t\t\t\t<div class=\"team-item\">\r\n\t\t\t\t\t<a href=\"https:\/\/yogatlalpansur.com\/2017\/team\/angelica-hernandez\/\" class=\"title\">Ang\u00e9lica Hern\u00e1ndez<\/a>\r\n\t\t\t\t<\/div><\/div><\/div><div class=\"activity activity-color-7903\"><div class=\"name\"><a href=\"https:\/\/yogatlalpansur.com\/2017\/class\/yoga-iyengar-principiantes2\/\" class=\"title\">Yoga Iyengar Principiantes 19:45-21:15<\/a><\/div><div class=\"date-act\"><\/div><div class=\"teacher\">\r\n\t\t\t\t<div class=\"team-item\">\r\n\t\t\t\t\t<a href=\"https:\/\/yogatlalpansur.com\/2017\/team\/angelica-hernandez\/\" class=\"title\">Ang\u00e9lica Hern\u00e1ndez<\/a>\r\n\t\t\t\t<\/div><\/div><\/div><\/div><div class=\"schedule col-3\"><div class=\"time\"><div class=\"day\">Mi\u00e9rcoles<\/div><\/div><div class=\"activity activity-color-8582\"><div class=\"name\"><a href=\"https:\/\/yogatlalpansur.com\/2017\/class\/yoga-iyengar-principiantes\/\" class=\"title\">Yoga Iyengar Principiantes 08:30-09:50<\/a><\/div><div class=\"date-act\"><\/div><div class=\"teacher\">\r\n\t\t\t\t<div class=\"team-item\">\r\n\t\t\t\t\t<a href=\"https:\/\/yogatlalpansur.com\/2017\/team\/maria-isabel-lopez-vazquez\/\" class=\"title\">Mar\u00eda Isabel L\u00f3pez V\u00e1zquez<\/a>\r\n\t\t\t\t<\/div><\/div><\/div><div class=\"activity activity-color-5984\"><div class=\"name\"><a href=\"https:\/\/yogatlalpansur.com\/2017\/class\/yoga-iyengar-intermedio\/\" class=\"title\">Yoga Iyengar Principiantes 18:00-19:30<\/a><\/div><div class=\"date-act\"><\/div><div class=\"teacher\">\r\n\t\t\t\t<div class=\"team-item\">\r\n\t\t\t\t\t<a href=\"https:\/\/yogatlalpansur.com\/2017\/team\/angelica-hernandez\/\" class=\"title\">Ang\u00e9lica Hern\u00e1ndez<\/a>\r\n\t\t\t\t<\/div><\/div><\/div><div class=\"activity activity-color-5989\"><div class=\"name\"><a href=\"https:\/\/yogatlalpansur.com\/2017\/class\/yoga-dinamica\/\" class=\"title\">Yoga Din\u00e1mica 20:00-21:00<\/a><\/div><div class=\"date-act\"><\/div><div class=\"teacher\">\r\n\t\t\t\t<div class=\"team-item\">\r\n\t\t\t\t\t<a href=\"https:\/\/yogatlalpansur.com\/2017\/team\/angelica-hernandez\/\" class=\"title\">Ang\u00e9lica Hern\u00e1ndez<\/a>\r\n\t\t\t\t<\/div><\/div><\/div><\/div><div class=\"schedule col-4\"><div class=\"time\"><div class=\"day\">Jueves<\/div><\/div><div class=\"activity activity-color-8742\"><div class=\"name\"><a href=\"https:\/\/yogatlalpansur.com\/2017\/class\/yoga-iyengar-1215-1345\/\" class=\"title\">Yoga Iyengar Principiantes 12:15-13:45<\/a><\/div><div class=\"date-act\"><\/div><div class=\"teacher\">\r\n\t\t\t\t<div class=\"team-item\">\r\n\t\t\t\t\t<a href=\"https:\/\/yogatlalpansur.com\/2017\/team\/angelica-hernandez\/\" class=\"title\">Ang\u00e9lica Hern\u00e1ndez<\/a>\r\n\t\t\t\t<\/div><\/div><\/div><div class=\"activity activity-color-7906\"><div class=\"name\"><a href=\"https:\/\/yogatlalpansur.com\/2017\/class\/yoga-iyengar-intermedio-2\/\" class=\"title\">Yoga Iyengar Nivel 1 &#8212; 18:00-19:30<\/a><\/div><div class=\"date-act\"><\/div><div class=\"teacher\">\r\n\t\t\t\t<div class=\"team-item\">\r\n\t\t\t\t\t<a href=\"https:\/\/yogatlalpansur.com\/2017\/team\/angelica-hernandez\/\" class=\"title\">Ang\u00e9lica Hern\u00e1ndez<\/a>\r\n\t\t\t\t<\/div><\/div><\/div><div class=\"activity activity-color-7903\"><div class=\"name\"><a href=\"https:\/\/yogatlalpansur.com\/2017\/class\/yoga-iyengar-principiantes2\/\" class=\"title\">Yoga Iyengar Principiantes 19:45-21:15<\/a><\/div><div class=\"date-act\"><\/div><div class=\"teacher\">\r\n\t\t\t\t<div class=\"team-item\">\r\n\t\t\t\t\t<a href=\"https:\/\/yogatlalpansur.com\/2017\/team\/angelica-hernandez\/\" class=\"title\">Ang\u00e9lica Hern\u00e1ndez<\/a>\r\n\t\t\t\t<\/div><\/div><\/div><\/div><div class=\"schedule col-5\"><div class=\"time\"><div class=\"day\">Viernes<\/div><\/div><div class=\"activity\"><\/div><\/div><div class=\"schedule col-6\"><div class=\"time\"><div class=\"day\">S\u00e1bado<\/div><\/div><div class=\"activity\"><\/div><\/div><div class=\"schedule col-7\"><div class=\"time\"><div class=\"day\">Domingo<\/div><\/div><div class=\"activity activity-color-8579\"><div class=\"name\"><a href=\"https:\/\/yogatlalpansur.com\/2017\/class\/yoga-iyengar-para-principantes\/\" class=\"title\">CLASE PRESENCIAL Yoga Iyengar  (Cuota $200) 09:00-10:30<\/a><\/div><div class=\"date-act\"><\/div><div class=\"teacher\"><\/div><\/div><\/div><\/div><\/div><\/div>[vc_empty_space height=&#8221;50&#8243;][vc_separator border_width=&#8221;2&#8243; css_animation=&#8221;fadeIn&#8221;][vc_empty_space height=&#8221;50&#8243;][\/vc_column][vc_row][vc_column]<div class=\"slz-shortcode sc_main_title main-title-72850868869e498fc7eee5  la-united-states text-c \">\r\n\t<div class=\"st-florida\">\r\n\t\t\t\t\t<div class=\"subtitle-wrapper\">\r\n\t\t\t\t<span class=\"subtitle\">Conoce nuestras<\/span>\r\n\t\t\t<\/div>\r\n\t\t\t\t<div class=\"title-wrapper\">\r\n\r\n\t\t\t<span class=\"title\">TARIFAS<\/span>\r\n\t\t\t\r\n\t\t\t\r\n\t\t<\/div>\r\n\t<div class=\"icon-wrapper\"><i class=\"slz-icon jogy-icon-title-02\"><\/i><\/div>\t<\/div>\r\n<\/div>\r\n\r\n[vc_empty_space][\/vc_column][\/vc_row][vc_row][vc_column width=&#8221;1\/1&#8243;]<div class=\"slz-shortcode sc_main_title main-title-26106094969e498fc7f269  la-united-states text-c \">\r\n\t<div class=\"st-florida\">\r\n\t\t\t\t<div class=\"title-wrapper\">\r\n\r\n\t\t\t<span class=\"title\">Clase suelta<\/span>\r\n\t\t\t\r\n\t\t\t\r\n\t\t<\/div>\r\n\t\t<\/div>\r\n<\/div>\r\n\r\n<div class=\"slz-shortcode sc_main_title main-title-516267169e498fc7f54a  la-united-states text-c \">\r\n\t<div class=\"st-florida\">\r\n\t\t\t\t\t<div class=\"subtitle-wrapper\">\r\n\t\t\t\t<span class=\"subtitle\">$350 inscripci\u00f3n anual<\/span>\r\n\t\t\t<\/div>\r\n\t\t\t\t<div class=\"title-wrapper\">\r\n\r\n\t\t\t<span class=\"title\"><\/span>\r\n\t\t\t\r\n\t\t\t\t\t\t\t<strong class=\"extra-title \">$250<\/strong>\r\n\t\t\t\r\n\t\t<\/div>\r\n\t<div class=\"icon-wrapper\"><i class=\"slz-icon jogy-chakra-3\"><\/i><\/div>\t<\/div>\r\n<\/div>\r\n\r\n[\/vc_column][\/vc_row][vc_row][vc_column][vc_separator border_width=&#8221;2&#8243; css_animation=&#8221;fadeIn&#8221;][vc_empty_space height=&#8221;50&#8243;]<div class=\"slz-shortcode sc_main_title main-title-179560226069e498fc7f871  la-united-states text-c \">\r\n\t<div class=\"st-florida\">\r\n\t\t\t\t<div class=\"title-wrapper\">\r\n\r\n\t\t\t<span class=\"title\">Adultos: Paquetes mensuales<\/span>\r\n\t\t\t\r\n\t\t\t\r\n\t\t<\/div>\r\n\t\t<\/div>\r\n<\/div>\r\n\r\n<div class=\"slz-shortcode sc_main_title main-title-87949579969e498fc7fb35  la-united-states text-c \">\r\n\t<div class=\"st-florida\">\r\n\t\t\t\t\t<div class=\"subtitle-wrapper\">\r\n\t\t\t\t<span class=\"subtitle\">$350 inscripci\u00f3n anual<\/span>\r\n\t\t\t<\/div>\r\n\t\t<div class=\"icon-wrapper\"><i class=\"slz-icon jogy-lotus\"><\/i><\/div>\t<\/div>\r\n<\/div>\r\n\r\n[\/vc_column][\/vc_row][vc_row][vc_column width=&#8221;1\/3&#8243;]<div class=\"slz-shortcode sc_main_title main-title-199059575569e498fc81619  la-united-states text-c \">\r\n\t<div class=\"st-florida\">\r\n\t\t\t\t<div class=\"title-wrapper\">\r\n\r\n\t\t\t<span class=\"title\">CUATRO CLASES<\/span>\r\n\t\t\t\r\n\t\t\t\r\n\t\t<\/div>\r\n\t\t<\/div>\r\n<\/div>\r\n\r\n<div class=\"slz-shortcode sc_main_title main-title-197185372169e498fc819f9  la-united-states text-c \">\r\n\t<div class=\"st-florida\">\r\n\t\t\t\t\t<div class=\"subtitle-wrapper\">\r\n\t\t\t\t<span class=\"subtitle\">$200 (costo por clase)<\/span>\r\n\t\t\t<\/div>\r\n\t\t\t\t<div class=\"title-wrapper\">\r\n\r\n\t\t\t<span class=\"title\"><\/span>\r\n\t\t\t\r\n\t\t\t\t\t\t\t<strong class=\"extra-title \">$800<\/strong>\r\n\t\t\t\r\n\t\t<\/div>\r\n\t<div class=\"icon-wrapper\"><i class=\"slz-icon jogy-chakra-1\"><\/i><\/div>\t<\/div>\r\n<\/div>\r\n\r\n[\/vc_column][vc_column width=&#8221;1\/3&#8243;]<div class=\"slz-shortcode sc_main_title main-title-90795718469e498fc81d48  la-united-states text-c \">\r\n\t<div class=\"st-florida\">\r\n\t\t\t\t<div class=\"title-wrapper\">\r\n\r\n\t\t\t<span class=\"title\">OCHO CLASES<\/span>\r\n\t\t\t\r\n\t\t\t\r\n\t\t<\/div>\r\n\t\t<\/div>\r\n<\/div>\r\n\r\n<div class=\"slz-shortcode sc_main_title main-title-84637408969e498fc82021  la-united-states text-c \">\r\n\t<div class=\"st-florida\">\r\n\t\t\t\t\t<div class=\"subtitle-wrapper\">\r\n\t\t\t\t<span class=\"subtitle\">$175 (costo por clase)<\/span>\r\n\t\t\t<\/div>\r\n\t\t\t\t<div class=\"title-wrapper\">\r\n\r\n\t\t\t<span class=\"title\"><\/span>\r\n\t\t\t\r\n\t\t\t\t\t\t\t<strong class=\"extra-title \">$1400<\/strong>\r\n\t\t\t\r\n\t\t<\/div>\r\n\t<div class=\"icon-wrapper\"><i class=\"slz-icon jogy-chakra-1\"><\/i><\/div>\t<\/div>\r\n<\/div>\r\n\r\n[\/vc_column][vc_column width=&#8221;1\/3&#8243;]<div class=\"slz-shortcode sc_main_title main-title-21186023069e498fc82325  la-united-states text-c \">\r\n\t<div class=\"st-florida\">\r\n\t\t\t\t<div class=\"title-wrapper\">\r\n\r\n\t\t\t<span class=\"title\">10 CLASES O M\u00c1S<\/span>\r\n\t\t\t\r\n\t\t\t\r\n\t\t<\/div>\r\n\t\t<\/div>\r\n<\/div>\r\n\r\n<div class=\"slz-shortcode sc_main_title main-title-171704277869e498fc825e0  la-united-states text-c \">\r\n\t<div class=\"st-florida\">\r\n\t\t\t\t<div class=\"title-wrapper\">\r\n\r\n\t\t\t<span class=\"title\"><\/span>\r\n\t\t\t\r\n\t\t\t\t\t\t\t<strong class=\"extra-title \">$1750<\/strong>\r\n\t\t\t\r\n\t\t<\/div>\r\n\t<div class=\"icon-wrapper\"><i class=\"slz-icon jogy-chakra-1\"><\/i><\/div>\t<\/div>\r\n<\/div>\r\n\r\n[\/vc_column][\/vc_row][vc_row][vc_column][vc_separator border_width=&#8221;2&#8243; css_animation=&#8221;fadeIn&#8221;][vc_empty_space height=&#8221;50&#8243;]]<span class=\"s1\"><div class=\"slz-shortcode sc_main_title main-title-84521889969e498fc828d6  la-united-states text-c \">\r\n\t<div class=\"st-florida\">\r\n\t\t\t\t<div class=\"title-wrapper\">\r\n\r\n\t\t\t<span class=\"title\">CLASES DOMINGOS<\/span>\r\n\t\t\t\r\n\t\t\t\r\n\t\t<\/div>\r\n\t\t<\/div>\r\n<\/div>\r\n\r\n<div class=\"slz-shortcode sc_main_title main-title-104763126569e498fc82ba6  la-united-states text-c \">\r\n\t<div class=\"st-florida\">\r\n\t\t\t\t\t<div class=\"subtitle-wrapper\">\r\n\t\t\t\t<span class=\"subtitle\">$150 inscripci\u00f3n anual<\/span>\r\n\t\t\t<\/div>\r\n\t\t\t\t<div class=\"title-wrapper\">\r\n\r\n\t\t\t<span class=\"title\"><\/span>\r\n\t\t\t\r\n\t\t\t\t\t\t\t<strong class=\"extra-title \">$200<\/strong>\r\n\t\t\t\r\n\t\t<\/div>\r\n\t<div class=\"icon-wrapper\"><i class=\"slz-icon jogy-lotus-2\"><\/i><\/div>\t<\/div>\r\n<\/div>\r\n\r\n<\/span>[vc_row][vc_column][vc_separator border_width=&#8221;2&#8243; css_animation=&#8221;fadeIn&#8221;][vc_empty_space height=&#8221;50&#8243;]<div class=\"slz-shortcode sc_main_title main-title-124669496569e498fc82ebb  la-united-states text-c \">\r\n\t<div class=\"st-florida\">\r\n\t\t\t\t<div class=\"title-wrapper\">\r\n\r\n\t\t\t<span class=\"title\">CLASES PARTICULARES<\/span>\r\n\t\t\t\r\n\t\t\t\r\n\t\t<\/div>\r\n\t\t<\/div>\r\n<\/div>\r\n\r\n<div class=\"slz-shortcode sc_main_title main-title-121510454369e498fc831fe  la-united-states text-c \">\r\n\t<div class=\"st-florida\">\r\n\t\t\t\t\t<div class=\"subtitle-wrapper\">\r\n\t\t\t\t<span class=\"subtitle\">Agendando d\u00eda y hora en el estudio<\/span>\r\n\t\t\t<\/div>\r\n\t\t\t\t<div class=\"title-wrapper\">\r\n\r\n\t\t\t<span class=\"title\"><\/span>\r\n\t\t\t\r\n\t\t\t\t\t\t\t<strong class=\"extra-title \">$700<\/strong>\r\n\t\t\t\r\n\t\t<\/div>\r\n\t<div class=\"icon-wrapper\"><i class=\"slz-icon jogy-lotus-2\"><\/i><\/div>\t<\/div>\r\n<\/div>\r\n\r\n<div class=\"slz-shortcode sc_main_title main-title-203298445569e498fc835b8  la-united-states text-c \">\r\n\t<div class=\"st-florida\">\r\n\t\t\t\t\t<div class=\"subtitle-wrapper\">\r\n\t\t\t\t<span class=\"subtitle\">Agendando d\u00eda y hora a domicilio<\/span>\r\n\t\t\t<\/div>\r\n\t\t\t\t<div class=\"title-wrapper\">\r\n\r\n\t\t\t<span class=\"title\"><\/span>\r\n\t\t\t\r\n\t\t\t\t\t\t\t<strong class=\"extra-title \">$1000<\/strong>\r\n\t\t\t\r\n\t\t<\/div>\r\n\t<div class=\"icon-wrapper\"><i class=\"slz-icon jogy-lotus-2\"><\/i><\/div>\t<\/div>\r\n<\/div>\r\n\r\n[\/vc_column][\/vc_row][vc_row][vc_column][vc_separator border_width=&#8221;2&#8243; css_animation=&#8221;fadeIn&#8221;][vc_empty_space height=&#8221;50&#8243;]<div class=\"slz-shortcode sc_main_title main-title-140423681569e498fc838f0  la-united-states text-c \">\r\n\t<div class=\"st-florida\">\r\n\t\t\t\t<div class=\"title-wrapper\">\r\n\r\n\t\t\t<span class=\"title\">\u00a1INSCR\u00cdBETE!<\/span>\r\n\t\t\t\r\n\t\t\t\r\n\t\t<\/div>\r\n\t<div class=\"icon-wrapper\"><i class=\"slz-icon jogy-stones\"><\/i><\/div>\t<\/div>\r\n<\/div>\r\n\r\n[\/vc_column][\/vc_row][vc_row][vc_column]\r\n    <div class=\"slz-shortcode sc-contact-form sc-contact-form-209308184469e498fc86e7f  \">\r\n        <div role=\"form\" class=\"wpcf7\" id=\"wpcf7-f7045-o1\" lang=\"en-US\" dir=\"ltr\">\n<div class=\"screen-reader-response\"><\/div>\n<form action=\"\/2017\/wp-json\/wp\/v2\/pages\/7589#wpcf7-f7045-o1\" method=\"post\" class=\"wpcf7-form\" novalidate=\"novalidate\">\n<div style=\"display: none;\">\n<input type=\"hidden\" name=\"_wpcf7\" value=\"7045\" \/>\n<input type=\"hidden\" name=\"_wpcf7_version\" value=\"5.0.2\" \/>\n<input type=\"hidden\" name=\"_wpcf7_locale\" value=\"en_US\" \/>\n<input type=\"hidden\" name=\"_wpcf7_unit_tag\" value=\"wpcf7-f7045-o1\" \/>\n<input type=\"hidden\" name=\"_wpcf7_container_post\" value=\"0\" \/>\n<\/div>\n<div class=\"cf7 cf7-blue form-get-an-appointment\">\n<div class=\"cf7-form-control cf7-input-50\"><span class=\"wpcf7-form-control-wrap your-name\"><input type=\"text\" name=\"your-name\" value=\"\" size=\"40\" class=\"wpcf7-form-control wpcf7-text wpcf7-validates-as-required\" aria-required=\"true\" aria-invalid=\"false\" placeholder=\"Nombre* (campo requerido)\" \/><\/span><\/div>\n<div class=\"cf7-form-control cf7-input-50\"><span class=\"wpcf7-form-control-wrap your-email\"><input type=\"email\" name=\"your-email\" value=\"\" size=\"40\" class=\"wpcf7-form-control wpcf7-text wpcf7-email wpcf7-validates-as-required wpcf7-validates-as-email\" aria-required=\"true\" aria-invalid=\"false\" placeholder=\"Email* (campo requerido)\" \/><\/span><\/div>\n<div class=\"cf7-form-control cf7-input-50\"><span class=\"wpcf7-form-control-wrap your-phone\"><input type=\"text\" name=\"your-phone\" value=\"\" size=\"40\" class=\"wpcf7-form-control wpcf7-text wpcf7-validates-as-required\" aria-required=\"true\" aria-invalid=\"false\" placeholder=\"Tel\u00e9fono* (campo requerido)\" \/><\/span><\/div>\n<div class=\"cf7-form-control cf7-input-100\"><span class=\"wpcf7-form-control-wrap your-address\"><input type=\"text\" name=\"your-address\" value=\"\" size=\"40\" class=\"wpcf7-form-control wpcf7-text\" aria-invalid=\"false\" placeholder=\"Direcci\u00f3n\" \/><\/span><\/div>\n<div class=\"cf7-form-control cf7-input-100\"><span class=\"wpcf7-form-control-wrap your-message\"><textarea name=\"your-message\" cols=\"40\" rows=\"10\" class=\"wpcf7-form-control wpcf7-textarea\" aria-invalid=\"false\" placeholder=\"Mensaje (No olvides mencionar qu\u00e9 clase y horario te interesa)\"><\/textarea><\/span><\/div>\n<div class=\"wpcf7-form-control-wrap\"><div data-sitekey=\"6Lf_IdEqAAAAAPK7PYwSl5aPfqpa7LzUhPcbnY57\" class=\"wpcf7-form-control g-recaptcha wpcf7-recaptcha\"><\/div>\n<noscript>\n\t<div style=\"width: 302px; height: 422px;\">\n\t\t<div style=\"width: 302px; height: 422px; position: relative;\">\n\t\t\t<div style=\"width: 302px; height: 422px; position: absolute;\">\n\t\t\t\t<iframe src=\"https:\/\/www.google.com\/recaptcha\/api\/fallback?k=6Lf_IdEqAAAAAPK7PYwSl5aPfqpa7LzUhPcbnY57\" frameborder=\"0\" scrolling=\"no\" style=\"width: 302px; height:422px; border-style: none;\">\n\t\t\t\t<\/iframe>\n\t\t\t<\/div>\n\t\t\t<div style=\"width: 300px; height: 60px; border-style: none; bottom: 12px; left: 25px; margin: 0px; padding: 0px; right: 25px; background: #f9f9f9; border: 1px solid #c1c1c1; border-radius: 3px;\">\n\t\t\t\t<textarea id=\"g-recaptcha-response\" name=\"g-recaptcha-response\" class=\"g-recaptcha-response\" style=\"width: 250px; height: 40px; border: 1px solid #c1c1c1; margin: 10px 25px; padding: 0px; resize: none;\">\n\t\t\t\t<\/textarea>\n\t\t\t<\/div>\n\t\t<\/div>\n\t<\/div>\n<\/noscript>\n<\/div>\n<div class=\"cf7-btn-submit-wrapper\">\n<div class=\"cf7-btn-submit\"><input type=\"submit\" value=\"Agendar Ahora\" class=\"wpcf7-form-control wpcf7-submit\" \/><\/div>\n<\/div>\n<\/div>\n<div class=\"wpcf7-response-output wpcf7-display-none\"><\/div><\/form><\/div>\r\n    <\/div>\r\n\r\n[\/vc_column][\/vc_row]<\/p>\n<\/div>\n","protected":false},"excerpt":{"rendered":"<p>[vc_row][vc_column][\/vc_column][\/vc_row][vc_row][vc_column][vc_empty_space][\/vc_column][\/vc_row][vc_row][vc_column][vc_empty_space height=&#8221;50&#8243;][vc_separator border_width=&#8221;2&#8243; css_animation=&#8221;fadeIn&#8221;][vc_empty_space height=&#8221;50&#8243;][\/vc_column][vc_row][vc_column][vc_empty_space][\/vc_column][\/vc_row][vc_row][vc_column width=&#8221;1\/1&#8243;][\/vc_column][\/vc_row][vc_row][vc_column][vc_separator border_width=&#8221;2&#8243; css_animation=&#8221;fadeIn&#8221;][vc_empty_space height=&#8221;50&#8243;][\/vc_column][\/vc_row][vc_row][vc_column width=&#8221;1\/3&#8243;][\/vc_column][vc_column width=&#8221;1\/3&#8243;][\/vc_column][vc_column width=&#8221;1\/3&#8243;][\/vc_column][\/vc_row][vc_row][vc_column][vc_separator border_width=&#8221;2&#8243; css_animation=&#8221;fadeIn&#8221;][vc_empty_space height=&#8221;50&#8243;]][vc_row][vc_column][vc_separator border_width=&#8221;2&#8243; css_animation=&#8221;fadeIn&#8221;][vc_empty_space height=&#8221;50&#8243;][\/vc_column][\/vc_row][vc_row][vc_column][vc_separator border_width=&#8221;2&#8243; css_animation=&#8221;fadeIn&#8221;][vc_empty_space height=&#8221;50&#8243;][\/vc_column][\/vc_row][vc_row][vc_column][\/vc_column][\/vc_row]<\/p>\n","protected":false},"author":1,"featured_media":0,"parent":0,"menu_order":0,"comment_status":"closed","ping_status":"closed","template":"","meta":{"_joinchat":[]},"_links":{"self":[{"href":"https:\/\/yogatlalpansur.com\/2017\/wp-json\/wp\/v2\/pages\/7589"}],"collection":[{"href":"https:\/\/yogatlalpansur.com\/2017\/wp-json\/wp\/v2\/pages"}],"about":[{"href":"https:\/\/yogatlalpansur.com\/2017\/wp-json\/wp\/v2\/types\/page"}],"author":[{"embeddable":true,"href":"https:\/\/yogatlalpansur.com\/2017\/wp-json\/wp\/v2\/users\/1"}],"replies":[{"embeddable":true,"href":"https:\/\/yogatlalpansur.com\/2017\/wp-json\/wp\/v2\/comments?post=7589"}],"version-history":[{"count":71,"href":"https:\/\/yogatlalpansur.com\/2017\/wp-json\/wp\/v2\/pages\/7589\/revisions"}],"predecessor-version":[{"id":8885,"href":"https:\/\/yogatlalpansur.com\/2017\/wp-json\/wp\/v2\/pages\/7589\/revisions\/8885"}],"wp:attachment":[{"href":"https:\/\/yogatlalpansur.com\/2017\/wp-json\/wp\/v2\/media?parent=7589"}],"curies":[{"name":"wp","href":"https:\/\/api.w.org\/{rel}","templated":true}]}}