{"id":7587,"date":"2017-08-29T21:13:58","date_gmt":"2017-08-29T21:13:58","guid":{"rendered":"https:\/\/yogatlalpansur.com\/2017\/?page_id=7587"},"modified":"2022-09-20T00:30:12","modified_gmt":"2022-09-20T00:30:12","slug":"horarios-y-tarifas-2","status":"publish","type":"page","link":"https:\/\/yogatlalpansur.com\/2017\/horarios-y-tarifas-2\/","title":{"rendered":"HORARIOS Y TARIFAS"},"content":{"rendered":"<p>[vc_row][vc_column]\t<div class=\"slz_shortcode sc_class_list class-ajax-filter class-list-115765836769e9d48f4cc23  la-united-states\" data-block-class=\"class-list-115765836769e9d48f4cc23\">\t\t\t\t\t\t\t<div class=\"container\">\r\n\t\t\t\t\t<div class=\"filter-warpper ajax-filter\">\r\n\t\t\t\t\t\t<div class=\"filter title\">Filter Classes<\/div>\r\n\t\t\t\t\t\t<div class=\"filter\">\r\n\t\t\t\t\t\t\t<input class=\"dropdown-toggle\" type=\"text\">\r\n\t\t\t\t\t\t\t<select class=\"filter-content category\">\r\n\t\t\t\t\t\t\t\t<option value=\"clases-en-linea\">Clases en l\u00ednea<\/option><option value=\"yoga\">Yoga<\/option><option value=\"yoga-iyengar\">Yoga Iyengar<\/option><option value=\"yoga-restaurativa\">Yoga Restaurativa<\/option>\t\t\t\t\t\t\t<\/select>\r\n\t\t\t\t\t\t<\/div>\r\n\t\t\t\t\t\t<div class=\"filter\">\r\n\t\t\t\t\t\t\t<input class=\"dropdown-toggle\" type=\"text\">\r\n\t\t\t\t\t\t\t<select class=\"filter-content team\">\r\n\t\t\t\t\t\t\t\t<option value=\"0\">-- All Trainer --<\/option><option value=\"7832\">Coral Hern\u00e1ndez<\/option><option value=\"7777\">Ang\u00e9lica Hern\u00e1ndez<\/option><option value=\"7828\">Mauricio Hern\u00e1ndez<\/option><option value=\"7784\">Gilberto Carrillo<\/option><option value=\"2348\">Mar\u00eda Isabel L\u00f3pez V\u00e1zquez<\/option>\t\t\t\t\t\t\t<\/select>\r\n\t\t\t\t\t\t<\/div>\r\n\t\t\t\t\t\t<div class=\" filter form-group date\">\r\n\t\t\t\t\t\t\t<input placeholder=\"Start Date\" class=\"form-control date-picker\" type=\"text\" data-date-format=\"yyyy\/mm\/dd\"> \r\n\t\t\t\t\t\t<\/div>\r\n\t\t\t\t\t\t<div class=\"filter icon\">\r\n\t\t\t\t\t\t\t<a  class=\"item get-block\">\r\n\t\t\t\t\t\t\t\t<i class=\"fa fa-bars\" aria-hidden=\"true\"><\/i>\r\n\t\t\t\t\t\t\t<\/a>\r\n\t\t\t\t\t\t\t<a class=\"item remove-block \">\r\n\t\t\t\t\t\t\t\t<i class=\"fa fa-th\" aria-hidden=\"true\"><\/i>\r\n\t\t\t\t\t\t\t<\/a>\r\n\t\t\t\t\t\t<\/div>\r\n\t\t\t\t\t<\/div>\r\n\t\t\t\t<\/div>\r\n\t\t\t\t\t\t<div class=\"class_atts_more block-grid\" data-json=\"{&quot;layout&quot;:&quot;layout-1&quot;,&quot;column&quot;:&quot; slz-column-3&quot;,&quot;limit_post&quot;:&quot;-1&quot;,&quot;offset_post&quot;:&quot;&quot;,&quot;sort_by&quot;:&quot;&quot;,&quot;post_id&quot;:[],&quot;exclude_id&quot;:&quot;&quot;,&quot;method&quot;:&quot;cat&quot;,&quot;list_category&quot;:&quot;%5B%7B%7D%5D&quot;,&quot;team&quot;:&quot;&quot;,&quot;list_post&quot;:&quot;&quot;,&quot;description_lenghth&quot;:&quot;&quot;,&quot;block_class&quot;:&quot;&quot;,&quot;show_date_range&quot;:&quot;yes&quot;,&quot;start_date&quot;:&quot;&quot;,&quot;extension&quot;:&quot;class&quot;,&quot;shortcode&quot;:&quot;class_list&quot;,&quot;template&quot;:&quot;class&quot;,&quot;image_size&quot;:{&quot;large&quot;:&quot;800x500&quot;,&quot;small&quot;:&quot;350x350&quot;,&quot;no-image-large&quot;:&quot;800x500&quot;,&quot;no-image-small&quot;:&quot;350x350&quot;},&quot;style&quot;:&quot;&quot;,&quot;layout-1-style&quot;:&quot;style-florida&quot;,&quot;layout-2-style&quot;:&quot;style-chennai&quot;,&quot;layout-3-style&quot;:&quot;style-london&quot;,&quot;layout-1-column&quot;:&quot;3&quot;,&quot;layout-2-column&quot;:&quot;2&quot;,&quot;layout-3-column&quot;:&quot;2&quot;,&quot;show_filter_box&quot;:&quot;yes&quot;,&quot;max_post&quot;:&quot;&quot;,&quot;extra_class&quot;:&quot;&quot;,&quot;pagination&quot;:&quot;yes&quot;,&quot;category_filter&quot;:&quot;&quot;,&quot;category_filter_text&quot;:&quot;All&quot;,&quot;show_thumbnail&quot;:&quot;&quot;,&quot;show_category&quot;:&quot;yes&quot;,&quot;show_description&quot;:&quot;yes&quot;,&quot;excerpt_length&quot;:&quot;&quot;,&quot;show_location&quot;:&quot;no&quot;,&quot;show_member&quot;:&quot;no&quot;,&quot;thumb-size&quot;:{&quot;large&quot;:&quot;jogy-thumb-800x500&quot;,&quot;small&quot;:&quot;jogy-thumb-350x350&quot;,&quot;no-image-large&quot;:&quot;thumb-800x500.png&quot;,&quot;no-image-small&quot;:&quot;thumb-350x350.png&quot;,&quot;no-image&quot;:&quot;thumb-800x500.png&quot;},&quot;title_length&quot;:null,&quot;category_list_parse&quot;:[[]],&quot;category_slug&quot;:[],&quot;uniq_id&quot;:&quot;slz-class-113422049369e9d48f4708e&quot;,&quot;responsive-class&quot;:&quot;class-col-3 col-md-4 col-sm-6 col-xs-12&quot;}\"><div class=\"slz-list-block style-florida class_list_01  slz-column-3\"><div class=\"item\">\r\n\t<div class=\"class-item\">\r\n\t\t<div class=\"block-image\">\r\n\t\t\t<a href=\"https:\/\/yogatlalpansur.com\/2017\/class\/yoga-iyengar-principiantes\/\" class=\"link\"><img width=\"800\" height=\"500\" src=\"https:\/\/yogatlalpansur.com\/2017\/wp-content\/uploads\/2017\/03\/Clases-Yoga-Iyengar-Principiantes-Yoga-Tlalpan-Sur-800x500.png\" class=\"img-responsive\" alt=\"Clases Yoga Iyengar Principiantes Yoga Tlalpan Sur\" decoding=\"async\" loading=\"lazy\" \/><\/a>\r\n\t\t<\/div>\r\n\t\t<div class=\"block-content\">\r\n\t\t\t<a href=\"https:\/\/yogatlalpansur.com\/2017\/class\/yoga-iyengar-principiantes\/\" class=\"title\">Yoga Iyengar Principiantes 08:30-09:50<\/a>\r\n\t\t\t<div class=\"description\"><span>Esta es la clase ideal para aquellos que comienzan por los caminos del yoga. El m\u00e9todo Iyengar y el uso de accesorios como almohadas, sillas, bloques de madera y correas te ayudar\u00e1 a llevar a cabo m\u00e1s f\u00e1cilmente las asanas.<\/span><\/div>\r\n\t\t\t<div class=\"info-wrapper\"><div class=\"item date\">\r\n\t\t\t\t\t<span class=\"date-from\">2018\/05\/24<\/span>\r\n\t\t\t\t\t<span class=\"date-to\">2018\/05\/25<\/span>\r\n\t\t\t\t<\/div><\/div>\r\n\t\t<\/div>\r\n\t\t<div class=\"clearfix\"><\/div>\r\n\t<\/div>\r\n<\/div><div class=\"item\">\r\n\t<div class=\"class-item\">\r\n\t\t<div class=\"block-image\">\r\n\t\t\t<a href=\"https:\/\/yogatlalpansur.com\/2017\/class\/yoga-iyengar-0900-1030\/\" class=\"link\"><img width=\"800\" height=\"500\" src=\"https:\/\/yogatlalpansur.com\/2017\/wp-content\/uploads\/2017\/03\/Clases-Yoga-Iyengar-Principiantes-Yoga-Tlalpan-Sur-800x500.png\" class=\"img-responsive\" alt=\"Clases Yoga Iyengar Principiantes Yoga Tlalpan Sur\" decoding=\"async\" loading=\"lazy\" \/><\/a>\r\n\t\t<\/div>\r\n\t\t<div class=\"block-content\">\r\n\t\t\t<a href=\"https:\/\/yogatlalpansur.com\/2017\/class\/yoga-iyengar-0900-1030\/\" class=\"title\">CLASE PRESENCIAL Yoga Iyengar 09:00-10:30<\/a>\r\n\t\t\t<div class=\"description\"><span>Esta es la clase ideal para aquellos que comienzan por los caminos del yoga. El m\u00e9todo Iyengar y el uso de accesorios como almohadas, sillas, bloques de madera y correas te ayudar\u00e1 a llevar a cabo m\u00e1s f\u00e1cilmente las asanas.<\/span><\/div>\r\n\t\t\t<div class=\"info-wrapper\"><div class=\"item category\">Yoga Iyengar<\/div><\/div>\r\n\t\t<\/div>\r\n\t\t<div class=\"clearfix\"><\/div>\r\n\t<\/div>\r\n<\/div><div class=\"item\">\r\n\t<div class=\"class-item\">\r\n\t\t<div class=\"block-image\">\r\n\t\t\t<a href=\"https:\/\/yogatlalpansur.com\/2017\/class\/yoga-iyengar-1215-1345\/\" class=\"link\"><img width=\"800\" height=\"500\" src=\"https:\/\/yogatlalpansur.com\/2017\/wp-content\/uploads\/2017\/03\/Clases-Yoga-Iyengar-Principiantes-Yoga-Tlalpan-Sur-800x500.png\" class=\"img-responsive\" alt=\"Clases Yoga Iyengar Principiantes Yoga Tlalpan Sur\" decoding=\"async\" loading=\"lazy\" \/><\/a>\r\n\t\t<\/div>\r\n\t\t<div class=\"block-content\">\r\n\t\t\t<a href=\"https:\/\/yogatlalpansur.com\/2017\/class\/yoga-iyengar-1215-1345\/\" class=\"title\">Yoga Iyengar Principiantes 12:15-13:45<\/a>\r\n\t\t\t<div class=\"description\"><span>Esta es la clase ideal para aquellos que comienzan por los caminos del yoga. El m\u00e9todo Iyengar y el uso de accesorios como almohadas, sillas, bloques de madera y correas te ayudar\u00e1 a llevar a cabo m\u00e1s f\u00e1cilmente las asanas.<\/span><\/div>\r\n\t\t\t<div class=\"info-wrapper\"><div class=\"item date\">\r\n\t\t\t\t\t<span class=\"date-from\">2018\/05\/24<\/span>\r\n\t\t\t\t\t<span class=\"date-to\">2018\/05\/25<\/span>\r\n\t\t\t\t<\/div><div class=\"item category\">Clases en l\u00ednea<\/div><\/div>\r\n\t\t<\/div>\r\n\t\t<div class=\"clearfix\"><\/div>\r\n\t<\/div>\r\n<\/div><div class=\"item\">\r\n\t<div class=\"class-item\">\r\n\t\t<div class=\"block-image\">\r\n\t\t\t<a href=\"https:\/\/yogatlalpansur.com\/2017\/class\/yoga-restaurativa-1145-1315\/\" class=\"link\"><img width=\"800\" height=\"500\" src=\"https:\/\/yogatlalpansur.com\/2017\/wp-content\/uploads\/2017\/03\/Clases-Yoga-Restaurativa-Yoga-Tlalpan-Sur-1-800x500.png\" class=\"img-responsive\" alt=\"Clases | Yoga Restaurativa | Yoga Tlalpan Sur\" decoding=\"async\" loading=\"lazy\" \/><\/a>\r\n\t\t<\/div>\r\n\t\t<div class=\"block-content\">\r\n\t\t\t<a href=\"https:\/\/yogatlalpansur.com\/2017\/class\/yoga-restaurativa-1145-1315\/\" class=\"title\">Yoga Restaurativa 12:15-13:45<\/a>\r\n\t\t\t<div class=\"description\"><span>Las clases de yoga restaurativa se recomiendan para personas que hayan tenido alguna lesi\u00f3n o que simplemente quieran recuperar y mejorar la movilidad de su cuerpo. No es necesario tener experiencia previa en yoga.<\/span><\/div>\r\n\t\t\t<div class=\"info-wrapper\"><div class=\"item category\">Yoga Restaurativa<\/div><\/div>\r\n\t\t<\/div>\r\n\t\t<div class=\"clearfix\"><\/div>\r\n\t<\/div>\r\n<\/div><div class=\"item\">\r\n\t<div class=\"class-item\">\r\n\t\t<div class=\"block-image\">\r\n\t\t\t<a href=\"https:\/\/yogatlalpansur.com\/2017\/class\/yoga-iyengar-para-principantes\/\" class=\"link\"><img width=\"800\" height=\"500\" src=\"https:\/\/yogatlalpansur.com\/2017\/wp-content\/uploads\/2017\/03\/Clases-Yoga-Iyengar-Principiantes-Yoga-Tlalpan-Sur-800x500.png\" class=\"img-responsive\" alt=\"Clases Yoga Iyengar Principiantes Yoga Tlalpan Sur\" decoding=\"async\" loading=\"lazy\" \/><\/a>\r\n\t\t<\/div>\r\n\t\t<div class=\"block-content\">\r\n\t\t\t<a href=\"https:\/\/yogatlalpansur.com\/2017\/class\/yoga-iyengar-para-principantes\/\" class=\"title\">CLASE PRESENCIAL Yoga Iyengar  (Cuota $200) 09:00-10:30<\/a>\r\n\t\t\t<div class=\"description\"><span>Esta es la clase ideal para aquellos que comienzan por los caminos del yoga. El m\u00e9todo Iyengar y el uso de accesorios como almohadas, sillas, bloques de madera y correas te ayudar\u00e1 a llevar a cabo m\u00e1s f\u00e1cilmente las asanas.<\/span><\/div>\r\n\t\t\t<div class=\"info-wrapper\"><div class=\"item category\">Yoga Iyengar<\/div><\/div>\r\n\t\t<\/div>\r\n\t\t<div class=\"clearfix\"><\/div>\r\n\t<\/div>\r\n<\/div><div class=\"item\">\r\n\t<div class=\"class-item\">\r\n\t\t<div class=\"block-image\">\r\n\t\t\t<a href=\"https:\/\/yogatlalpansur.com\/2017\/class\/yoga-iyengar-intermedio-2\/\" class=\"link\"><img width=\"800\" height=\"500\" src=\"https:\/\/yogatlalpansur.com\/2017\/wp-content\/uploads\/2017\/03\/Clases-Yoga-Iyengar-Intermedio-Yoga-Tlalpan-Sur-800x500.png\" class=\"img-responsive\" alt=\"Clases | Yoga Iyengar Intermedio | Yoga Tlalpan Sur\" decoding=\"async\" loading=\"lazy\" \/><\/a>\r\n\t\t<\/div>\r\n\t\t<div class=\"block-content\">\r\n\t\t\t<a href=\"https:\/\/yogatlalpansur.com\/2017\/class\/yoga-iyengar-intermedio-2\/\" class=\"title\">Yoga Iyengar Nivel 1 &#8212; 18:00-19:30<\/a>\r\n\t\t\t<div class=\"description\"><span>Esta clase nos lleva hacia una pr\u00e1ctica m\u00e1s profunda del Yoga Iyengar. La consciencia y percepci\u00f3n del pranayama en la pr\u00e1ctica es una constante en este nivel.<\/span><\/div>\r\n\t\t\t<div class=\"info-wrapper\"><div class=\"item category\">Clases en l\u00ednea - Yoga Iyengar<\/div><\/div>\r\n\t\t<\/div>\r\n\t\t<div class=\"clearfix\"><\/div>\r\n\t<\/div>\r\n<\/div><div class=\"item\">\r\n\t<div class=\"class-item\">\r\n\t\t<div class=\"block-image\">\r\n\t\t\t<a href=\"https:\/\/yogatlalpansur.com\/2017\/class\/yoga-iyengar-intermedio\/\" class=\"link\"><img width=\"800\" height=\"500\" src=\"https:\/\/yogatlalpansur.com\/2017\/wp-content\/uploads\/2017\/03\/Clases-Yoga-Iyengar-Intermedio-Yoga-Tlalpan-Sur-800x500.png\" class=\"img-responsive\" alt=\"Clases | Yoga Iyengar Intermedio | Yoga Tlalpan Sur\" decoding=\"async\" loading=\"lazy\" \/><\/a>\r\n\t\t<\/div>\r\n\t\t<div class=\"block-content\">\r\n\t\t\t<a href=\"https:\/\/yogatlalpansur.com\/2017\/class\/yoga-iyengar-intermedio\/\" class=\"title\">Yoga Iyengar Principiantes 18:00-19:30<\/a>\r\n\t\t\t<div class=\"description\"><span>Esta clase nos lleva hacia una pr\u00e1ctica m\u00e1s profunda del Yoga Iyengar. La consciencia y percepci\u00f3n del pranayama en la pr\u00e1ctica es una constante en este nivel.<\/span><\/div>\r\n\t\t\t<div class=\"info-wrapper\"><div class=\"item category\">Yoga Iyengar<\/div><\/div>\r\n\t\t<\/div>\r\n\t\t<div class=\"clearfix\"><\/div>\r\n\t<\/div>\r\n<\/div><div class=\"item\">\r\n\t<div class=\"class-item\">\r\n\t\t<div class=\"block-image\">\r\n\t\t\t<a href=\"https:\/\/yogatlalpansur.com\/2017\/class\/yoga-iyengar-principiantes2\/\" class=\"link\"><img width=\"800\" height=\"500\" src=\"https:\/\/yogatlalpansur.com\/2017\/wp-content\/uploads\/2017\/03\/Clases-Yoga-Iyengar-Principiantes-Yoga-Tlalpan-Sur-800x500.png\" class=\"img-responsive\" alt=\"Clases Yoga Iyengar Principiantes Yoga Tlalpan Sur\" decoding=\"async\" loading=\"lazy\" \/><\/a>\r\n\t\t<\/div>\r\n\t\t<div class=\"block-content\">\r\n\t\t\t<a href=\"https:\/\/yogatlalpansur.com\/2017\/class\/yoga-iyengar-principiantes2\/\" class=\"title\">Yoga Iyengar Principiantes 19:45-21:15<\/a>\r\n\t\t\t<div class=\"description\"><span>Esta es la clase ideal para aquellos que comienzan por los caminos del yoga. El m\u00e9todo Iyengar y el uso de accesorios como almohadas, sillas, bloques de madera y correas te ayudar\u00e1 a llevar a cabo m\u00e1s f\u00e1cilmente las asanas.<\/span><\/div>\r\n\t\t\t<div class=\"info-wrapper\"><div class=\"item category\">Yoga Iyengar<\/div><\/div>\r\n\t\t<\/div>\r\n\t\t<div class=\"clearfix\"><\/div>\r\n\t<\/div>\r\n<\/div><div class=\"item\">\r\n\t<div class=\"class-item\">\r\n\t\t<div class=\"block-image\">\r\n\t\t\t<a href=\"https:\/\/yogatlalpansur.com\/2017\/class\/yoga-dinamica\/\" class=\"link\"><img width=\"800\" height=\"500\" src=\"https:\/\/yogatlalpansur.com\/2017\/wp-content\/uploads\/2017\/03\/Clases-Yoga-Pranayama-Meditacion-Yoga-Tlalpan-Sur-800x500.png\" class=\"img-responsive\" alt=\"Clases Yoga Pranayama Meditaci\u00f3n | Yoga Tlalpan Sur\" decoding=\"async\" loading=\"lazy\" \/><\/a>\r\n\t\t<\/div>\r\n\t\t<div class=\"block-content\">\r\n\t\t\t<a href=\"https:\/\/yogatlalpansur.com\/2017\/class\/yoga-dinamica\/\" class=\"title\">Yoga Din\u00e1mica 20:00-21:00<\/a>\r\n\t\t\t<div class=\"description\"><span>Esta clase combina posturas de yoga, ejercicios de respiraci\u00f3n y pr\u00e1ctica de meditaci\u00f3n. Ideal para terminar el d\u00eda y poder relajarse. No es necesario tener experiencia previa en yoga.<\/span><\/div>\r\n\t\t\t<div class=\"info-wrapper\"><div class=\"item category\">Yoga<\/div><\/div>\r\n\t\t<\/div>\r\n\t\t<div class=\"clearfix\"><\/div>\r\n\t<\/div>\r\n<\/div><\/div><\/div><\/div>[vc_empty_space height=&#8221;50&#8243;]<div class=\"slz-shortcode sc_main_title main-title-154830944969e9d48f78339  la-united-states text-c \">\r\n\t<div class=\"st-florida\">\r\n\t\t\t\t\t<div class=\"subtitle-wrapper\">\r\n\t\t\t\t<span class=\"subtitle\">\u00a1Clase de prueba gratis!<\/span>\r\n\t\t\t<\/div>\r\n\t\t\t\t<div class=\"title-wrapper\">\r\n\r\n\t\t\t<span class=\"title\">AGENDA TU CLASE<\/span>\r\n\t\t\t\r\n\t\t\t\r\n\t\t<\/div>\r\n\t<div class=\"icon-wrapper\"><i class=\"slz-icon jogy-icon-title-02\"><\/i><\/div>\t<\/div>\r\n<\/div>\r\n\r\n[\/vc_column][vc_column][vc_row_inner][vc_column_inner css=&#8221;.vc_custom_1504236264991{background-image: url(https:\/\/yogatlalpansur.com\/2017\/wp-content\/uploads\/2017\/02\/Agenda-Tu-Clase-Yoga-Tlalpan-Sur-1.png?id=7655) !important;background-position: center !important;background-repeat: no-repeat !important;background-size: cover !important;}&#8221;][vc_empty_space][vc_column_text]\r\n    <div class=\"slz-shortcode sc-contact-form sc-contact-form-123384762369e9d48f78757  \">\r\n        <div role=\"form\" class=\"wpcf7\" id=\"wpcf7-f7045-o1\" lang=\"en-US\" dir=\"ltr\">\n<div class=\"screen-reader-response\"><\/div>\n<form action=\"\/2017\/wp-json\/wp\/v2\/pages\/7587#wpcf7-f7045-o1\" method=\"post\" class=\"wpcf7-form\" novalidate=\"novalidate\">\n<div style=\"display: none;\">\n<input type=\"hidden\" name=\"_wpcf7\" value=\"7045\" \/>\n<input type=\"hidden\" name=\"_wpcf7_version\" value=\"5.0.2\" \/>\n<input type=\"hidden\" name=\"_wpcf7_locale\" value=\"en_US\" \/>\n<input type=\"hidden\" name=\"_wpcf7_unit_tag\" value=\"wpcf7-f7045-o1\" \/>\n<input type=\"hidden\" name=\"_wpcf7_container_post\" value=\"0\" \/>\n<\/div>\n<div class=\"cf7 cf7-blue form-get-an-appointment\">\n<div class=\"cf7-form-control cf7-input-50\"><span class=\"wpcf7-form-control-wrap your-name\"><input type=\"text\" name=\"your-name\" value=\"\" size=\"40\" class=\"wpcf7-form-control wpcf7-text wpcf7-validates-as-required\" aria-required=\"true\" aria-invalid=\"false\" placeholder=\"Nombre* (campo requerido)\" \/><\/span><\/div>\n<div class=\"cf7-form-control cf7-input-50\"><span class=\"wpcf7-form-control-wrap your-email\"><input type=\"email\" name=\"your-email\" value=\"\" size=\"40\" class=\"wpcf7-form-control wpcf7-text wpcf7-email wpcf7-validates-as-required wpcf7-validates-as-email\" aria-required=\"true\" aria-invalid=\"false\" placeholder=\"Email* (campo requerido)\" \/><\/span><\/div>\n<div class=\"cf7-form-control cf7-input-50\"><span class=\"wpcf7-form-control-wrap your-phone\"><input type=\"text\" name=\"your-phone\" value=\"\" size=\"40\" class=\"wpcf7-form-control wpcf7-text wpcf7-validates-as-required\" aria-required=\"true\" aria-invalid=\"false\" placeholder=\"Tel\u00e9fono* (campo requerido)\" \/><\/span><\/div>\n<div class=\"cf7-form-control cf7-input-100\"><span class=\"wpcf7-form-control-wrap your-address\"><input type=\"text\" name=\"your-address\" value=\"\" size=\"40\" class=\"wpcf7-form-control wpcf7-text\" aria-invalid=\"false\" placeholder=\"Direcci\u00f3n\" \/><\/span><\/div>\n<div class=\"cf7-form-control cf7-input-100\"><span class=\"wpcf7-form-control-wrap your-message\"><textarea name=\"your-message\" cols=\"40\" rows=\"10\" class=\"wpcf7-form-control wpcf7-textarea\" aria-invalid=\"false\" placeholder=\"Mensaje (No olvides mencionar qu\u00e9 clase y horario te interesa)\"><\/textarea><\/span><\/div>\n<div class=\"wpcf7-form-control-wrap\"><div data-sitekey=\"6Lf_IdEqAAAAAPK7PYwSl5aPfqpa7LzUhPcbnY57\" class=\"wpcf7-form-control g-recaptcha wpcf7-recaptcha\"><\/div>\n<noscript>\n\t<div style=\"width: 302px; height: 422px;\">\n\t\t<div style=\"width: 302px; height: 422px; position: relative;\">\n\t\t\t<div style=\"width: 302px; height: 422px; position: absolute;\">\n\t\t\t\t<iframe src=\"https:\/\/www.google.com\/recaptcha\/api\/fallback?k=6Lf_IdEqAAAAAPK7PYwSl5aPfqpa7LzUhPcbnY57\" frameborder=\"0\" scrolling=\"no\" style=\"width: 302px; height:422px; border-style: none;\">\n\t\t\t\t<\/iframe>\n\t\t\t<\/div>\n\t\t\t<div style=\"width: 300px; height: 60px; border-style: none; bottom: 12px; left: 25px; margin: 0px; padding: 0px; right: 25px; background: #f9f9f9; border: 1px solid #c1c1c1; border-radius: 3px;\">\n\t\t\t\t<textarea id=\"g-recaptcha-response\" name=\"g-recaptcha-response\" class=\"g-recaptcha-response\" style=\"width: 250px; height: 40px; border: 1px solid #c1c1c1; margin: 10px 25px; padding: 0px; resize: none;\">\n\t\t\t\t<\/textarea>\n\t\t\t<\/div>\n\t\t<\/div>\n\t<\/div>\n<\/noscript>\n<\/div>\n<div class=\"cf7-btn-submit-wrapper\">\n<div class=\"cf7-btn-submit\"><input type=\"submit\" value=\"Agendar Ahora\" class=\"wpcf7-form-control wpcf7-submit\" \/><\/div>\n<\/div>\n<\/div>\n<div class=\"wpcf7-response-output wpcf7-display-none\"><\/div><\/form><\/div>\r\n    <\/div>\r\n\r\n[\/vc_column_text][\/vc_column_inner][\/vc_row_inner][\/vc_column][\/vc_row][vc_row][vc_column][vc_empty_space height=&#8221;50&#8243;][\/vc_column][\/vc_row]<\/p>\n","protected":false},"excerpt":{"rendered":"<p>[vc_row][vc_column][vc_empty_space height=&#8221;50&#8243;][\/vc_column][vc_column][vc_row_inner][vc_column_inner css=&#8221;.vc_custom_1504236264991{background-image: url(https:\/\/yogatlalpansur.com\/2017\/wp-content\/uploads\/2017\/02\/Agenda-Tu-Clase-Yoga-Tlalpan-Sur-1.png?id=7655) !important;background-position: center !important;background-repeat: no-repeat !important;background-size: cover !important;}&#8221;][vc_empty_space][vc_column_text][\/vc_column_text][\/vc_column_inner][\/vc_row_inner][\/vc_column][\/vc_row][vc_row][vc_column][vc_empty_space height=&#8221;50&#8243;][\/vc_column][\/vc_row]<\/p>\n","protected":false},"author":1,"featured_media":0,"parent":0,"menu_order":0,"comment_status":"closed","ping_status":"closed","template":"","meta":{"_joinchat":[]},"_links":{"self":[{"href":"https:\/\/yogatlalpansur.com\/2017\/wp-json\/wp\/v2\/pages\/7587"}],"collection":[{"href":"https:\/\/yogatlalpansur.com\/2017\/wp-json\/wp\/v2\/pages"}],"about":[{"href":"https:\/\/yogatlalpansur.com\/2017\/wp-json\/wp\/v2\/types\/page"}],"author":[{"embeddable":true,"href":"https:\/\/yogatlalpansur.com\/2017\/wp-json\/wp\/v2\/users\/1"}],"replies":[{"embeddable":true,"href":"https:\/\/yogatlalpansur.com\/2017\/wp-json\/wp\/v2\/comments?post=7587"}],"version-history":[{"count":18,"href":"https:\/\/yogatlalpansur.com\/2017\/wp-json\/wp\/v2\/pages\/7587\/revisions"}],"predecessor-version":[{"id":8588,"href":"https:\/\/yogatlalpansur.com\/2017\/wp-json\/wp\/v2\/pages\/7587\/revisions\/8588"}],"wp:attachment":[{"href":"https:\/\/yogatlalpansur.com\/2017\/wp-json\/wp\/v2\/media?parent=7587"}],"curies":[{"name":"wp","href":"https:\/\/api.w.org\/{rel}","templated":true}]}}