{"id":7579,"date":"2017-08-29T20:51:22","date_gmt":"2017-08-29T20:51:22","guid":{"rendered":"https:\/\/yogatlalpansur.com\/2017\/?page_id=7579"},"modified":"2017-11-22T01:56:05","modified_gmt":"2017-11-22T01:56:05","slug":"yoga-iyengar","status":"publish","type":"page","link":"https:\/\/yogatlalpansur.com\/2017\/yoga-iyengar\/","title":{"rendered":"YOGA IYENGAR"},"content":{"rendered":"<p>[vc_row][vc_column][vc_column_text]<\/p>\n<div class=\"wpb_text_column wpb_content_element \">\n<div class=\"wpb_wrapper\">\n<p class=\"p1\"><span class=\"s1\">[\/vc_column_text][\/vc_column][\/vc_row][vc_row][\/vc_row][vc_column][\/vc_column]<div class=\"slz-shortcode sc_main_title main-title-15648484469e88a4609b75  la-united-states text-c \">\r\n\t<div class=\"st-florida\">\r\n\t\t\t\t<div class=\"title-wrapper\">\r\n\r\n\t\t\t<span class=\"title\">YOGA IYENGAR<\/span>\r\n\t\t\t\r\n\t\t\t\r\n\t\t<\/div>\r\n\t<div class=\"icon-wrapper\"><i class=\"slz-icon jogy-icon-title-02\"><\/i><\/div>\t<\/div>\r\n<\/div>\r\n\r\n[vc_row][vc_column width=&#8221;1\/6&#8243;][\/vc_column][vc_column width=&#8221;2\/3&#8243;][vc_column_text]<span class=\"s1\">Como disciplina, Yoga es uno solo. El\u00a0<strong>Yoga Iyengar<\/strong>\u00a0es el m\u00e9todo creado por nuestro maestro\u00a0<strong>B.K.S. Iyengar<\/strong>, en el que a trav\u00e9s de las\u00a0<em>asanas<\/em>\u00a0(posturas) podemos acceder a la sanaci\u00f3n f\u00edsica y espiritual.\u00a0Es un m\u00e9todo dise\u00f1ado para que cualquier persona que se lo proponga pueda practicarlo.<\/span><\/span><\/p>\n<p><span class=\"s1\">La pr\u00e1ctica de las posturas se apoya con el uso de soportes materiales como bloques de maderas, cintos, mantas, cojines y sillas, lo que permite mejorar el despliegue de flexibilidad y fuerza de las personas.<\/span><\/p>\n<p><span class=\"s1\">Adem\u00e1s de las\u00a0<em>asanas<\/em>, se encuentra el aprendizaje de t\u00e9cnicas de respiraci\u00f3n, llamado\u00a0<em>pranayama<\/em>. Ambas,\u00a0<em>asana<\/em>\u00a0y\u00a0<em>pranayama<\/em>, son la puerta que nos permitir\u00e1 adentrarnos al mundo del yoga.<\/span><\/p>\n<h4 style=\"text-align: center;\"><em>\u201cEl cuerpo es el templo y la asana la oraci\u00f3n\u201d.<\/em><\/h4>\n<p>[\/vc_column_text][vc_empty_space height=&#8221;50&#8243;][vc_gallery interval=&#8221;3&#8243; images=&#8221;7820,8475,8476&#8243; img_size=&#8221;large&#8221; onclick=&#8221;&#8221; css_animation=&#8221;fadeIn&#8221;][vc_empty_space height=&#8221;50&#8243;][\/vc_column][vc_column width=&#8221;1\/6&#8243;][\/vc_column][\/vc_row][vc_row][vc_column][vc_column_text]<\/p>\n<\/div>\n<\/div>\n<p>[\/vc_column_text][\/vc_column][\/vc_row][vc_row][vc_column]<div class=\"slz-shortcode sc_main_title main-title-72216999969e88a4609dd3  la-united-states text-c \">\r\n\t<div class=\"st-florida\">\r\n\t\t\t\t\t<div class=\"subtitle-wrapper\">\r\n\t\t\t\t<span class=\"subtitle\">Mestra Ang\u00e9lica Hern\u00e1ndez<\/span>\r\n\t\t\t<\/div>\r\n\t\t\t\t<div class=\"title-wrapper\">\r\n\r\n\t\t\t<span class=\"title\">CERTIFICACI\u00d3N IYENGAR<\/span>\r\n\t\t\t\r\n\t\t\t\r\n\t\t<\/div>\r\n\t<div class=\"icon-wrapper\"><i class=\"slz-icon jogy-icon-title-02\"><\/i><\/div>\t<\/div>\r\n<\/div>\r\n\r\n\r\n<div  data-wow-delay=\"0.5s\" class=\"slz-shortcode sc-image sc-image-83952772969e88a460a03d  fadeIn wow \">\r\n     <img src=\"https:\/\/yogatlalpansur.com\/2017\/wp-content\/uploads\/2017\/02\/Certificacio\u0301n-Iyengar-Yoga-Tlalpan-Sur-e1510802087311.png\" title=\"Centro Certificado Yoga Iyengar\" alt=\"Centro Certificado Yoga Iyengar\" class=\"img-responsive\"><\/div>\r\n\r\n[vc_empty_space height=&#8221;50px&#8221;][\/vc_column][\/vc_row][vc_row][vc_column][\/vc_column][\/vc_row]<\/p>\n","protected":false},"excerpt":{"rendered":"<p>[vc_row][vc_column][vc_column_text] [\/vc_column_text][\/vc_column][\/vc_row][vc_row][\/vc_row][vc_column][\/vc_column][vc_row][vc_column width=&#8221;1\/6&#8243;][\/vc_column][vc_column width=&#8221;2\/3&#8243;][vc_column_text]Como disciplina, Yoga es uno solo. El\u00a0Yoga Iyengar\u00a0es el m\u00e9todo creado por nuestro maestro\u00a0B.K.S. Iyengar, en el que a trav\u00e9s de las\u00a0asanas\u00a0(posturas) podemos acceder a la sanaci\u00f3n f\u00edsica y espiritual.\u00a0Es un m\u00e9todo dise\u00f1ado para que cualquier persona que se lo proponga pueda practicarlo. La pr\u00e1ctica de las posturas se apoya con el [&hellip;]<\/p>\n","protected":false},"author":1,"featured_media":0,"parent":0,"menu_order":0,"comment_status":"closed","ping_status":"closed","template":"","meta":{"_joinchat":[]},"_links":{"self":[{"href":"https:\/\/yogatlalpansur.com\/2017\/wp-json\/wp\/v2\/pages\/7579"}],"collection":[{"href":"https:\/\/yogatlalpansur.com\/2017\/wp-json\/wp\/v2\/pages"}],"about":[{"href":"https:\/\/yogatlalpansur.com\/2017\/wp-json\/wp\/v2\/types\/page"}],"author":[{"embeddable":true,"href":"https:\/\/yogatlalpansur.com\/2017\/wp-json\/wp\/v2\/users\/1"}],"replies":[{"embeddable":true,"href":"https:\/\/yogatlalpansur.com\/2017\/wp-json\/wp\/v2\/comments?post=7579"}],"version-history":[{"count":46,"href":"https:\/\/yogatlalpansur.com\/2017\/wp-json\/wp\/v2\/pages\/7579\/revisions"}],"predecessor-version":[{"id":8485,"href":"https:\/\/yogatlalpansur.com\/2017\/wp-json\/wp\/v2\/pages\/7579\/revisions\/8485"}],"wp:attachment":[{"href":"https:\/\/yogatlalpansur.com\/2017\/wp-json\/wp\/v2\/media?parent=7579"}],"curies":[{"name":"wp","href":"https:\/\/api.w.org\/{rel}","templated":true}]}}