{"id":6352,"date":"2017-04-05T09:04:11","date_gmt":"2017-04-05T09:04:11","guid":{"rendered":"https:\/\/yogatlalpansur.com\/2017\/?page_id=6352"},"modified":"2017-09-25T23:25:11","modified_gmt":"2017-09-25T23:25:11","slug":"maestros","status":"publish","type":"page","link":"https:\/\/yogatlalpansur.com\/2017\/maestros\/","title":{"rendered":"MAESTROS"},"content":{"rendered":"<p>[vc_row css=&#8221;.vc_custom_1491385992698{padding-top: 135px !important;padding-bottom: 100px !important;}&#8221;][vc_column]<div class=\"slz-shortcode sc_main_title main-title-206159794969e5e8696ab89  la-italy text-c \">\r\n\t<div class=\"st-milan\">\r\n\t\t<div class=\"icon-wrapper\"><i class=\"slz-icon jogy-icon-title-04\"><\/i><\/div>\t\t<div class=\"title-wrapper\">\r\n\r\n\t\t\t<span class=\"title\">NUESTROS MAESTROS<\/span>\r\n\t\t\t\r\n\t\t\t\r\n\t\t<\/div>\r\n\t<div class=\"icon-wrapper\"><i class=\"slz-icon jogy-icon-title-04\"><\/i><\/div>\t<\/div>\r\n<\/div>\r\n\r\n\r\n<div class=\"slz-shortcode sc_team_block la-united-kingdom  slz-team-110083642369e5e8696c3be\">\r\n\t<div class=\"slz-list-team-block slz-column-3\">\t\t\t<div class=\"item post-7777 slz-team\">\r\n\t\t\t\t<div class=\"slz-team-block st-london\">\r\n\t\t\t\t\t<div class=\"team-image-wrapper\">\r\n\t\t\t\t\t\t\r\n\t\t\t<div class=\"team-image\">\r\n\t\t\t\t<img width=\"600\" height=\"666\" src=\"https:\/\/yogatlalpansur.com\/2017\/wp-content\/uploads\/2017\/09\/Maestros-Yoga-Tlalpan-Sur-Angelica-Hernandez-600x666.png\" class=\"img-full\" alt=\"Maestros | Yoga Iyengar | Yoga Tlalpan Sur | Ang\u00e9lica Hern\u00e1ndez\" loading=\"lazy\" \/>\r\n\t\t\t<\/div>\t\t\t\t\t\t\t\t\t\t\t<\/div>\r\n\t\t\t\t\t<div class=\"team-content\">\r\n\t\t\t\t\t\t<div class=\"content-wrapper\">\r\n\t\t\t\t\t\t\t<div class=\"main-content\"><a href=\"https:\/\/yogatlalpansur.com\/2017\/team\/angelica-hernandez\/\" class=\"title name\">Ang\u00e9lica Hern\u00e1ndez<\/a>\n<div class=\"position\">Maestra \/ Directora General <\/div>\n<\/div>\t\t\t\t\t\t<\/div>\r\n\t\t\t\t\t<\/div>\r\n\t\t\t\t<\/div>\r\n\t\t\t<\/div>\t\t\t<div class=\"item post-7784 slz-team\">\r\n\t\t\t\t<div class=\"slz-team-block st-london\">\r\n\t\t\t\t\t<div class=\"team-image-wrapper\">\r\n\t\t\t\t\t\t\r\n\t\t\t<div class=\"team-image\">\r\n\t\t\t\t<img width=\"600\" height=\"666\" src=\"https:\/\/yogatlalpansur.com\/2017\/wp-content\/uploads\/2017\/09\/Maestros-Yoga-Tlalpan-Sur-2-600x666.png\" class=\"img-full\" alt=\"Maestros | Yoga Iyengar | Yoga Tlalpan Sur\" loading=\"lazy\" \/>\r\n\t\t\t<\/div>\t\t\t\t\t\t\t\t\t\t\t<\/div>\r\n\t\t\t\t\t<div class=\"team-content\">\r\n\t\t\t\t\t\t<div class=\"content-wrapper\">\r\n\t\t\t\t\t\t\t<div class=\"main-content\"><a href=\"https:\/\/yogatlalpansur.com\/2017\/team\/gilberto-carrillo\/\" class=\"title name\">Gilberto Carrillo<\/a>\n<div class=\"position\">Maestro<\/div>\n<\/div>\t\t\t\t\t\t<\/div>\r\n\t\t\t\t\t<\/div>\r\n\t\t\t\t<\/div>\r\n\t\t\t<\/div>\t\t\t<div class=\"item post-2348 slz-team\">\r\n\t\t\t\t<div class=\"slz-team-block st-london\">\r\n\t\t\t\t\t<div class=\"team-image-wrapper\">\r\n\t\t\t\t\t\t\r\n\t\t\t<div class=\"team-image\">\r\n\t\t\t\t<img width=\"600\" height=\"666\" src=\"https:\/\/yogatlalpansur.com\/2017\/wp-content\/uploads\/2016\/12\/Yoga-Tlalpan-Sur-Maestros-600x666.png\" class=\"img-full\" alt=\"\" loading=\"lazy\" \/>\r\n\t\t\t<\/div>\t\t\t\t\t\t\t\t\t\t\t<\/div>\r\n\t\t\t\t\t<div class=\"team-content\">\r\n\t\t\t\t\t\t<div class=\"content-wrapper\">\r\n\t\t\t\t\t\t\t<div class=\"main-content\"><a href=\"https:\/\/yogatlalpansur.com\/2017\/team\/maria-isabel-lopez-vazquez\/\" class=\"title name\">Mar\u00eda Isabel L\u00f3pez V\u00e1zquez<\/a>\n<div class=\"position\">Maestra<\/div>\n<\/div>\t\t\t\t\t\t<\/div>\r\n\t\t\t\t\t<\/div>\r\n\t\t\t\t<\/div>\r\n\t\t\t<\/div><div class=\"clearfix\"><\/div><\/div><\/div>\r\n\r\n[vc_empty_space height=&#8221;50px&#8221;]<div class=\"slz-shortcode sc_main_title main-title-109190819669e5e8697204e  la-italy text-c \">\r\n\t<div class=\"st-milan\">\r\n\t\t<div class=\"icon-wrapper\"><i class=\"slz-icon jogy-icon-title-04\"><\/i><\/div>\t\t<div class=\"title-wrapper\">\r\n\r\n\t\t\t<span class=\"title\">COLABORADORES<\/span>\r\n\t\t\t\r\n\t\t\t\r\n\t\t<\/div>\r\n\t<div class=\"icon-wrapper\"><i class=\"slz-icon jogy-icon-title-04\"><\/i><\/div>\t<\/div>\r\n<\/div>\r\n\r\n\r\n<div class=\"slz-shortcode sc_team_block la-united-kingdom  slz-team-210266180469e5e8697355b\">\r\n\t<div class=\"slz-list-team-block slz-column-3\">\t\t\t<div class=\"item post-7832 slz-team\">\r\n\t\t\t\t<div class=\"slz-team-block st-london\">\r\n\t\t\t\t\t<div class=\"team-image-wrapper\">\r\n\t\t\t\t\t\t\r\n\t\t\t<div class=\"team-image\">\r\n\t\t\t\t<img width=\"600\" height=\"666\" src=\"https:\/\/yogatlalpansur.com\/2017\/wp-content\/uploads\/2017\/09\/Maestros-Yoga-Tlalpan-Sur-Coral-Hernandez-1-600x666.png\" class=\"img-full\" alt=\"Maestro | Yoga Iyengar | Coral Hern\u00e1ndez | Yoga Tlalpan Sur\" loading=\"lazy\" \/>\r\n\t\t\t<\/div>\t\t\t\t\t\t\t\t\t\t\t<\/div>\r\n\t\t\t\t\t<div class=\"team-content\">\r\n\t\t\t\t\t\t<div class=\"content-wrapper\">\r\n\t\t\t\t\t\t\t<div class=\"main-content\"><a href=\"https:\/\/yogatlalpansur.com\/2017\/team\/coral-hernandez\/\" class=\"title name\">Coral Hern\u00e1ndez<\/a>\n<div class=\"position\">Psic\u00f3loga<\/div>\n<\/div>\t\t\t\t\t\t<\/div>\r\n\t\t\t\t\t<\/div>\r\n\t\t\t\t<\/div>\r\n\t\t\t<\/div>\t\t\t<div class=\"item post-7828 slz-team\">\r\n\t\t\t\t<div class=\"slz-team-block st-london\">\r\n\t\t\t\t\t<div class=\"team-image-wrapper\">\r\n\t\t\t\t\t\t\r\n\t\t\t<div class=\"team-image\">\r\n\t\t\t\t<img width=\"600\" height=\"666\" src=\"https:\/\/yogatlalpansur.com\/2017\/wp-content\/uploads\/2017\/09\/Maestros-Yoga-Tlalpan-Sur-Mauricio-Hernandez-600x666.png\" class=\"img-full\" alt=\"Maestros | Yoga Iyengar | Yoga Tlalpan Sur | Mauricio Hern\u00e1ndez\" loading=\"lazy\" \/>\r\n\t\t\t<\/div>\t\t\t\t\t\t\t\t\t\t\t<\/div>\r\n\t\t\t\t\t<div class=\"team-content\">\r\n\t\t\t\t\t\t<div class=\"content-wrapper\">\r\n\t\t\t\t\t\t\t<div class=\"main-content\"><a href=\"https:\/\/yogatlalpansur.com\/2017\/team\/mauricio-hernandez\/\" class=\"title name\">Mauricio Hern\u00e1ndez<\/a>\n<div class=\"position\">Pedagogo<\/div>\n<\/div>\t\t\t\t\t\t<\/div>\r\n\t\t\t\t\t<\/div>\r\n\t\t\t\t<\/div>\r\n\t\t\t<\/div><div class=\"clearfix\"><\/div><\/div><\/div>\r\n\r\n[\/vc_column][\/vc_row][vc_row full_width=&#8221;stretch_row_content_no_spaces&#8221; equal_height=&#8221;yes&#8221; css=&#8221;.vc_custom_1491980806021{padding-bottom: 100px !important;}&#8221;][vc_column width=&#8221;1\/2&#8243; el_class=&#8221;slz_bg-default&#8221; css=&#8221;.vc_custom_1491979935579{padding-top: 80px !important;padding-right: 6% !important;padding-bottom: 80px !important;padding-left: 16% !important;}&#8221;]<div class=\"slz-shortcode sc_main_title main-title-81815852069e5e869780a5  la-united-kingdom text-l \">\r\n\t<div class=\"st-london\">\r\n\t\t\t\t<div class=\"title-wrapper\">\r\n\r\n\t\t\t<span class=\"title\">EXPERIENCIA INTERDISCIPLINARIA<\/span>\r\n\t\t\t\r\n\t\t\t\r\n\t\t<\/div>\r\n\t<div class=\"icon-wrapper\"><i class=\"slz-icon jogy-icon-title-04\"><\/i><\/div>\t<\/div>\r\n<\/div>\r\n\r\n<div class=\"slz-shortcode sc_item_list item-list-101048914869e5e86978379  \"><ul class=\"slz-list\"><li class=\"item-com-1\"><i class=\"slz-icon fa fa-sun-o\"><\/i><span class=\"text\">Talleres de Yoga con una visi\u00f3n pr\u00e1ctica y hol\u00edstica<\/span><\/li><\/ul><\/div>[vc_column_text]<span style=\"color: #ffffff;\">Nuestro equipo est\u00e1 integrado por especialistas en Yoga Iyengar; contamos adem\u00e1s con el apoyo de expertos en piscolog\u00eda y pedagog\u00eda para el dise\u00f1o y la impartici\u00f3n de nuestrso talleres. <\/span><\/p>\n<p>[\/vc_column_text][\/vc_column][vc_column width=&#8221;1\/2&#8243; css=&#8221;.vc_custom_1504290949523{background-image: url(https:\/\/yogatlalpansur.com\/2017\/wp-content\/uploads\/2017\/04\/Banner-Maestros-Yoga-Tlalpan-Sur.png?id=7774) !important;background-position: center !important;background-repeat: no-repeat !important;background-size: cover !important;}&#8221;][\/vc_column][\/vc_row][vc_row css=&#8221;.vc_custom_1491386020422{padding-bottom: 40px !important;}&#8221;][vc_column]<div class=\"slz-shortcode sc_main_title main-title-95019692369e5e86978785  la-italy text-c \">\r\n\t<div class=\"st-milan\">\r\n\t\t<div class=\"icon-wrapper\"><i class=\"slz-icon jogy-icon-title-04\"><\/i><\/div>\t\t<div class=\"title-wrapper\">\r\n\r\n\t\t\t<span class=\"title\">\u00a1TRABAJA CON NOSOTROS!<\/span>\r\n\t\t\t\r\n\t\t\t\r\n\t\t<\/div>\r\n\t<div class=\"icon-wrapper\"><i class=\"slz-icon jogy-icon-title-04\"><\/i><\/div>\t<\/div>\r\n<\/div>\r\n\r\n[vc_row_inner][vc_column_inner width=&#8221;1\/2&#8243;][vc_single_image image=&#8221;7814&#8243; img_size=&#8221;full&#8221;][vc_empty_space height=&#8221;60px&#8221;][\/vc_column_inner][vc_column_inner width=&#8221;1\/2&#8243;]\r\n    <div class=\"slz-shortcode sc-contact-form sc-contact-form-25127574269e5e8697899e  \">\r\n        <div role=\"form\" class=\"wpcf7\" id=\"wpcf7-f3798-o1\" lang=\"en-US\" dir=\"ltr\">\n<div class=\"screen-reader-response\"><\/div>\n<form action=\"\/2017\/wp-json\/wp\/v2\/pages\/6352#wpcf7-f3798-o1\" method=\"post\" class=\"wpcf7-form\" enctype=\"multipart\/form-data\" novalidate=\"novalidate\">\n<div style=\"display: none;\">\n<input type=\"hidden\" name=\"_wpcf7\" value=\"3798\" \/>\n<input type=\"hidden\" name=\"_wpcf7_version\" value=\"5.0.2\" \/>\n<input type=\"hidden\" name=\"_wpcf7_locale\" value=\"en_US\" \/>\n<input type=\"hidden\" name=\"_wpcf7_unit_tag\" value=\"wpcf7-f3798-o1\" \/>\n<input type=\"hidden\" name=\"_wpcf7_container_post\" value=\"0\" \/>\n<\/div>\n<div class=\"cf7 trainer\">\n<div class=\"title-wrapper\">\n<h4 style=\"text-align: center;\"><span style=\"color: #646a7a;\">\u00a1D\u00e9janos tus datos!<\/span><\/h4>\n<p style=\"text-align: center; font-size: 14px;\"><span style=\"color: #646a7a;\">Llena el siguiente formulario o bien, ll\u00e1manos al : 5025 6570&nbsp;<\/span><\/p>\n<\/div>\n<div class=\"cf7-form-control cf7-input-50\"><span class=\"wpcf7-form-control-wrap your-name\"><input type=\"text\" name=\"your-name\" value=\"\" size=\"40\" class=\"wpcf7-form-control wpcf7-text wpcf7-validates-as-required\" aria-required=\"true\" aria-invalid=\"false\" placeholder=\"Nombre\" \/><\/span><\/div>\n<div class=\"cf7-form-control cf7-input-50\"><span class=\"wpcf7-form-control-wrap your-email\"><input type=\"email\" name=\"your-email\" value=\"\" size=\"40\" class=\"wpcf7-form-control wpcf7-text wpcf7-email wpcf7-validates-as-required wpcf7-validates-as-email\" aria-required=\"true\" aria-invalid=\"false\" placeholder=\"Email\" \/><\/span><\/div>\n<div class=\"cf7-form-control cf7-input-50\"><span class=\"wpcf7-form-control-wrap your-phone\"><input type=\"text\" name=\"your-phone\" value=\"\" size=\"40\" class=\"wpcf7-form-control wpcf7-text\" aria-invalid=\"false\" placeholder=\"Tel\u00e9fono\" \/><\/span><\/div>\n<div class=\"cf7-form-control cf7-input-50\"><span class=\"wpcf7-form-control-wrap UploadyourCSV\"><input type=\"file\" name=\"UploadyourCSV\" size=\"40\" class=\"wpcf7-form-control wpcf7-file wpcf7-validates-as-required\" accept=\".jpg,.jpeg,.png,.gif,.pdf,.doc,.docx,.ppt,.pptx,.odt,.avi,.ogg,.m4a,.mov,.mp3,.mp4,.mpg,.wav,.wmv\" aria-required=\"true\" aria-invalid=\"false\" \/><\/span><span class=\"icons fa fa-paperclip\" style=\"position: absolute; right: 30px; top: 15px; z-index: 2;\"><\/span><\/div>\n<div class=\"cf7-form-control cf7-input-100\"><span class=\"wpcf7-form-control-wrap your-address\"><input type=\"text\" name=\"your-address\" value=\"\" size=\"40\" class=\"wpcf7-form-control wpcf7-text wpcf7-validates-as-required\" aria-required=\"true\" aria-invalid=\"false\" placeholder=\"Direcci\u00f3n\" \/><\/span><\/div>\n<div class=\"cf7-form-control cf7-input-100\"><span class=\"wpcf7-form-control-wrap your-message\"><textarea name=\"your-message\" cols=\"40\" rows=\"10\" class=\"wpcf7-form-control wpcf7-textarea\" aria-invalid=\"false\" placeholder=\"Mensaje\"><\/textarea><\/span><\/div>\n<div class=\"cf7-btn-submit-wrapper\">\n<div class=\"cf7-btn-submit\"><input type=\"submit\" value=\"Enviar\" class=\"wpcf7-form-control wpcf7-submit\" \/><\/div>\n<\/div>\n<\/div>\n<div class=\"wpcf7-response-output wpcf7-display-none\"><\/div><\/form><\/div>\r\n    <\/div>\r\n\r\n[vc_empty_space height=&#8221;60px&#8221;][\/vc_column_inner][\/vc_row_inner][\/vc_column][\/vc_row][vc_row css=&#8221;.vc_custom_1491810765229{padding-bottom: 100px !important;}&#8221;][vc_column][\/vc_column][\/vc_row][vc_row full_width=&#8221;stretch_row_content_no_spaces&#8221;][vc_column][\/vc_column][\/vc_row]<\/p>\n","protected":false},"excerpt":{"rendered":"<p>[vc_row css=&#8221;.vc_custom_1491385992698{padding-top: 135px !important;padding-bottom: 100px !important;}&#8221;][vc_column][vc_empty_space height=&#8221;50px&#8221;][\/vc_column][\/vc_row][vc_row full_width=&#8221;stretch_row_content_no_spaces&#8221; equal_height=&#8221;yes&#8221; css=&#8221;.vc_custom_1491980806021{padding-bottom: 100px !important;}&#8221;][vc_column width=&#8221;1\/2&#8243; el_class=&#8221;slz_bg-default&#8221; css=&#8221;.vc_custom_1491979935579{padding-top: 80px !important;padding-right: 6% !important;padding-bottom: 80px !important;padding-left: 16% !important;}&#8221;][vc_column_text]Nuestro equipo est\u00e1 integrado por especialistas en Yoga Iyengar; contamos adem\u00e1s con el apoyo de expertos en piscolog\u00eda y pedagog\u00eda para el dise\u00f1o y la impartici\u00f3n de nuestrso talleres. [\/vc_column_text][\/vc_column][vc_column width=&#8221;1\/2&#8243; css=&#8221;.vc_custom_1504290949523{background-image: url(https:\/\/yogatlalpansur.com\/2017\/wp-content\/uploads\/2017\/04\/Banner-Maestros-Yoga-Tlalpan-Sur.png?id=7774) [&hellip;]<\/p>\n","protected":false},"author":1,"featured_media":0,"parent":0,"menu_order":0,"comment_status":"closed","ping_status":"closed","template":"","meta":{"_joinchat":[]},"_links":{"self":[{"href":"https:\/\/yogatlalpansur.com\/2017\/wp-json\/wp\/v2\/pages\/6352"}],"collection":[{"href":"https:\/\/yogatlalpansur.com\/2017\/wp-json\/wp\/v2\/pages"}],"about":[{"href":"https:\/\/yogatlalpansur.com\/2017\/wp-json\/wp\/v2\/types\/page"}],"author":[{"embeddable":true,"href":"https:\/\/yogatlalpansur.com\/2017\/wp-json\/wp\/v2\/users\/1"}],"replies":[{"embeddable":true,"href":"https:\/\/yogatlalpansur.com\/2017\/wp-json\/wp\/v2\/comments?post=6352"}],"version-history":[{"count":55,"href":"https:\/\/yogatlalpansur.com\/2017\/wp-json\/wp\/v2\/pages\/6352\/revisions"}],"predecessor-version":[{"id":6355,"href":"https:\/\/yogatlalpansur.com\/2017\/wp-json\/wp\/v2\/pages\/6352\/revisions\/6355"}],"wp:attachment":[{"href":"https:\/\/yogatlalpansur.com\/2017\/wp-json\/wp\/v2\/media?parent=6352"}],"curies":[{"name":"wp","href":"https:\/\/api.w.org\/{rel}","templated":true}]}}